{"id":7762,"date":"2021-11-26T10:40:24","date_gmt":"2021-11-26T10:40:24","guid":{"rendered":"https:\/\/www.bfslmauritius.com\/?page_id=7762"},"modified":"2021-12-28T04:48:28","modified_gmt":"2021-12-28T04:48:28","slug":"news-and-events","status":"publish","type":"page","link":"https:\/\/bfslmauritius.com\/fr\/news-and-events\/","title":{"rendered":"Nouvelles et Ev\u00e8nements"},"content":{"rendered":"<div data-elementor-type=\"wp-page\" data-elementor-id=\"7762\" class=\"elementor elementor-7762\">\n\t\t\t\t\t\t<section class=\"elementor-section elementor-top-section elementor-element elementor-element-dd6c935 elementor-section-boxed elementor-section-height-default elementor-section-height-default\" data-id=\"dd6c935\" data-element_type=\"section\">\n\t\t\t\t\t\t<div class=\"elementor-container elementor-column-gap-default\">\n\t\t\t\t\t<div class=\"elementor-column elementor-col-100 elementor-top-column elementor-element elementor-element-888e29e\" data-id=\"888e29e\" data-element_type=\"column\">\n\t\t\t<div class=\"elementor-widget-wrap elementor-element-populated\">\n\t\t\t\t\t\t<div class=\"elementor-element elementor-element-e5db8e2 elementor-widget elementor-widget-wgl-blog\" data-id=\"e5db8e2\" data-element_type=\"widget\" data-settings=\"{&quot;blog_columns&quot;:&quot;4&quot;}\" data-widget_type=\"wgl-blog.default\">\n\t\t\t\t<div class=\"elementor-widget-container\">\n\t\t\t<section class=\"wgl_cpt_section\"><div class=\"blog-posts\"><div class=\"container-grid row blog_columns-3 grid blog-style-standard\">    <div class=\"item wgl_col-4\">\n    <div class=\"blog-post format-standard-image\">\n    <div class=\"blog-post_wrapper\"><div class=\"blog-post_media\"><div class=\"blog-post_media_part\"><a href=\"https:\/\/bfslmauritius.com\/fr\/budgetary-measures-2024-2025-freeport-and-logistics\/\" class=\"media-link image-overlay\"><img decoding=\"async\" src=\"https:\/\/bfslmauritius.com\/wp-content\/uploads\/2024\/06\/Budget-min-scaled-1170x700.jpg\" alt=\"Budget-min\"><\/a><\/div><\/div>    <div class=\"blog-post_content\"><div class=\"post_meta-wrap\"><div class=\"meta-data\"><span class=\"post_date\">\n                        juin 8, 2024                        <\/span><\/div><\/div><h3 class=\"blog-post_title\"><a href=\"https:\/\/bfslmauritius.com\/fr\/budgetary-measures-2024-2025-freeport-and-logistics\/\">Mesures Budg\u00e9taires 2024-2025 \u2013 Port Franc et Logistique.<\/a><\/h3><div class=\"clear\"><\/div><div class=\"blog-post_footer\">            <div class=\"read-more-wrap\">\n                <a href=\"https:\/\/bfslmauritius.com\/fr\/budgetary-measures-2024-2025-freeport-and-logistics\/\" class=\"button-read-more\">\n                <span>EN SAVOIR PLUS<\/span>\n                <\/a>\n            <\/div>    <\/div>\n    <\/div>\n    <\/div>\n    <\/div>\n    <\/div>    <div class=\"item wgl_col-4\">\n    <div class=\"blog-post format-standard-image\">\n    <div class=\"blog-post_wrapper\"><div class=\"blog-post_media\"><div class=\"blog-post_media_part\"><a href=\"https:\/\/bfslmauritius.com\/fr\/celebrating-the-world-environment-day-in-freeport-zone-6-mer-rouge\/\" class=\"media-link image-overlay\"><img decoding=\"async\" src=\"https:\/\/bfslmauritius.com\/wp-content\/uploads\/2024\/06\/20240514_130532-scaled-1170x700.jpg\" alt=\"20240514_130532\"><\/a><\/div><\/div>    <div class=\"blog-post_content\"><div class=\"post_meta-wrap\"><div class=\"meta-data\"><span class=\"post_date\">\n                        juin 6, 2024                        <\/span><\/div><\/div><h3 class=\"blog-post_title\"><a href=\"https:\/\/bfslmauritius.com\/fr\/celebrating-the-world-environment-day-in-freeport-zone-6-mer-rouge\/\">Participation de BFSL \u00e0 une Mission d'Investissement et de Promotion aux \u00c9mirats Arabes Unis.<\/a><\/h3><div class=\"clear\"><\/div><div class=\"blog-post_footer\">            <div class=\"read-more-wrap\">\n                <a href=\"https:\/\/bfslmauritius.com\/fr\/celebrating-the-world-environment-day-in-freeport-zone-6-mer-rouge\/\" class=\"button-read-more\">\n                <span>EN SAVOIR PLUS<\/span>\n                <\/a>\n            <\/div>    <\/div>\n    <\/div>\n    <\/div>\n    <\/div>\n    <\/div>    <div class=\"item wgl_col-4\">\n    <div class=\"blog-post format-standard-image\">\n    <div class=\"blog-post_wrapper\"><div class=\"blog-post_media\"><div class=\"blog-post_media_part\"><a href=\"https:\/\/bfslmauritius.com\/fr\/bfsl-participates-in-uae-investment-and-promotion-mission-from-14-to-16-may-2024\/\" class=\"media-link image-overlay\"><img decoding=\"async\" src=\"https:\/\/bfslmauritius.com\/wp-content\/uploads\/2024\/06\/20240605_093047-min-scaled-1170x700.jpg\" alt=\"20240605_093047-min\"><\/a><\/div><\/div>    <div class=\"blog-post_content\"><div class=\"post_meta-wrap\"><div class=\"meta-data\"><span class=\"post_date\">\n                        juin 5, 2024                        <\/span><\/div><\/div><h3 class=\"blog-post_title\"><a href=\"https:\/\/bfslmauritius.com\/fr\/bfsl-participates-in-uae-investment-and-promotion-mission-from-14-to-16-may-2024\/\">C\u00e9l\u00e9bration de la Journ\u00e9e Mondiale de l'Environnement : Plantation d'Arbres dans la Zone 6, , Mer Rouge.<\/a><\/h3><div class=\"clear\"><\/div><div class=\"blog-post_footer\">            <div class=\"read-more-wrap\">\n                <a href=\"https:\/\/bfslmauritius.com\/fr\/bfsl-participates-in-uae-investment-and-promotion-mission-from-14-to-16-may-2024\/\" class=\"button-read-more\">\n                <span>EN SAVOIR PLUS<\/span>\n                <\/a>\n            <\/div>    <\/div>\n    <\/div>\n    <\/div>\n    <\/div>\n    <\/div><\/div><\/div><\/section>\t\t<\/div>\n\t\t\t\t<\/div>\n\t\t\t\t<div class=\"elementor-element elementor-element-9b18d56 elementor-widget elementor-widget-spacer\" data-id=\"9b18d56\" data-element_type=\"widget\" data-widget_type=\"spacer.default\">\n\t\t\t\t<div class=\"elementor-widget-container\">\n\t\t\t\t\t<div class=\"elementor-spacer\">\n\t\t\t<div class=\"elementor-spacer-inner\"><\/div>\n\t\t<\/div>\n\t\t\t\t<\/div>\n\t\t\t\t<\/div>\n\t\t\t\t\t<\/div>\n\t\t<\/div>\n\t\t\t\t\t<\/div>\n\t\t<\/section>\n\t\t\t\t<\/div>","protected":false},"excerpt":{"rendered":"","protected":false},"author":1,"featured_media":0,"parent":0,"menu_order":0,"comment_status":"closed","ping_status":"open","template":"","meta":{"footnotes":""},"class_list":["post-7762","page","type-page","status-publish","hentry"],"yoast_head":"<!-- This site is optimized with the Yoast SEO plugin v26.1 - https:\/\/yoast.com\/wordpress\/plugins\/seo\/ -->\n<title>News and Events - BPML<\/title>\n<meta name=\"robots\" content=\"index, follow, max-snippet:-1, max-image-preview:large, max-video-preview:-1\" \/>\n<link rel=\"canonical\" href=\"https:\/\/bfslmauritius.com\/fr\/news-and-events\/\" \/>\n<meta property=\"og:locale\" content=\"fr_FR\" \/>\n<meta property=\"og:type\" content=\"article\" \/>\n<meta property=\"og:title\" content=\"News and Events - BPML\" \/>\n<meta property=\"og:url\" content=\"https:\/\/bfslmauritius.com\/fr\/news-and-events\/\" \/>\n<meta property=\"og:site_name\" content=\"BPML\" \/>\n<meta property=\"article:publisher\" content=\"https:\/\/www.facebook.com\/BPML-Freeport-Services-Ltd-106537164100136\" \/>\n<meta property=\"article:modified_time\" content=\"2021-12-28T04:48:28+00:00\" \/>\n<meta name=\"twitter:card\" content=\"summary_large_image\" \/>\n<script type=\"application\/ld+json\" class=\"yoast-schema-graph\">{\"@context\":\"https:\/\/schema.org\",\"@graph\":[{\"@type\":\"WebPage\",\"@id\":\"https:\/\/bfslmauritius.com\/news-and-events\/\",\"url\":\"https:\/\/bfslmauritius.com\/news-and-events\/\",\"name\":\"News and Events - BPML\",\"isPartOf\":{\"@id\":\"https:\/\/bfslmauritius.com\/#website\"},\"datePublished\":\"2021-11-26T10:40:24+00:00\",\"dateModified\":\"2021-12-28T04:48:28+00:00\",\"breadcrumb\":{\"@id\":\"https:\/\/bfslmauritius.com\/news-and-events\/#breadcrumb\"},\"inLanguage\":\"fr-FR\",\"potentialAction\":[{\"@type\":\"ReadAction\",\"target\":[\"https:\/\/bfslmauritius.com\/news-and-events\/\"]}]},{\"@type\":\"BreadcrumbList\",\"@id\":\"https:\/\/bfslmauritius.com\/news-and-events\/#breadcrumb\",\"itemListElement\":[{\"@type\":\"ListItem\",\"position\":1,\"name\":\"Home\",\"item\":\"https:\/\/bfslmauritius.com\/\"},{\"@type\":\"ListItem\",\"position\":2,\"name\":\"News and Events\"}]},{\"@type\":\"WebSite\",\"@id\":\"https:\/\/bfslmauritius.com\/#website\",\"url\":\"https:\/\/bfslmauritius.com\/\",\"name\":\"BPML\",\"description\":\"Freeport Services Ltd\",\"publisher\":{\"@id\":\"https:\/\/bfslmauritius.com\/#organization\"},\"potentialAction\":[{\"@type\":\"SearchAction\",\"target\":{\"@type\":\"EntryPoint\",\"urlTemplate\":\"https:\/\/bfslmauritius.com\/?s={search_term_string}\"},\"query-input\":{\"@type\":\"PropertyValueSpecification\",\"valueRequired\":true,\"valueName\":\"search_term_string\"}}],\"inLanguage\":\"fr-FR\"},{\"@type\":\"Organization\",\"@id\":\"https:\/\/bfslmauritius.com\/#organization\",\"name\":\"BPML\",\"url\":\"https:\/\/bfslmauritius.com\/\",\"logo\":{\"@type\":\"ImageObject\",\"inLanguage\":\"fr-FR\",\"@id\":\"https:\/\/bfslmauritius.com\/#\/schema\/logo\/image\/\",\"url\":\"https:\/\/bfslmauritius.com\/wp-content\/uploads\/2021\/09\/logo.jpg\",\"contentUrl\":\"https:\/\/bfslmauritius.com\/wp-content\/uploads\/2021\/09\/logo.jpg\",\"width\":350,\"height\":60,\"caption\":\"BPML\"},\"image\":{\"@id\":\"https:\/\/bfslmauritius.com\/#\/schema\/logo\/image\/\"},\"sameAs\":[\"https:\/\/www.facebook.com\/BPML-Freeport-Services-Ltd-106537164100136\",\"https:\/\/www.linkedin.com\/company\/bpml-freeport-services-ltd\/\",\"https:\/\/www.youtube.com\/channel\/UCzYq0t0WQCU290hJgAbIr5w\"]}]}<\/script>\n<!-- \/ Yoast SEO plugin. -->","yoast_head_json":{"title":"News and Events - BPML","robots":{"index":"index","follow":"follow","max-snippet":"max-snippet:-1","max-image-preview":"max-image-preview:large","max-video-preview":"max-video-preview:-1"},"canonical":"https:\/\/bfslmauritius.com\/fr\/news-and-events\/","og_locale":"fr_FR","og_type":"article","og_title":"News and Events - BPML","og_url":"https:\/\/bfslmauritius.com\/fr\/news-and-events\/","og_site_name":"BPML","article_publisher":"https:\/\/www.facebook.com\/BPML-Freeport-Services-Ltd-106537164100136","article_modified_time":"2021-12-28T04:48:28+00:00","twitter_card":"summary_large_image","schema":{"@context":"https:\/\/schema.org","@graph":[{"@type":"WebPage","@id":"https:\/\/bfslmauritius.com\/news-and-events\/","url":"https:\/\/bfslmauritius.com\/news-and-events\/","name":"News and Events - BPML","isPartOf":{"@id":"https:\/\/bfslmauritius.com\/#website"},"datePublished":"2021-11-26T10:40:24+00:00","dateModified":"2021-12-28T04:48:28+00:00","breadcrumb":{"@id":"https:\/\/bfslmauritius.com\/news-and-events\/#breadcrumb"},"inLanguage":"fr-FR","potentialAction":[{"@type":"ReadAction","target":["https:\/\/bfslmauritius.com\/news-and-events\/"]}]},{"@type":"BreadcrumbList","@id":"https:\/\/bfslmauritius.com\/news-and-events\/#breadcrumb","itemListElement":[{"@type":"ListItem","position":1,"name":"Home","item":"https:\/\/bfslmauritius.com\/"},{"@type":"ListItem","position":2,"name":"News and Events"}]},{"@type":"WebSite","@id":"https:\/\/bfslmauritius.com\/#website","url":"https:\/\/bfslmauritius.com\/","name":"BPML","description":"Freeport Services Ltd","publisher":{"@id":"https:\/\/bfslmauritius.com\/#organization"},"potentialAction":[{"@type":"SearchAction","target":{"@type":"EntryPoint","urlTemplate":"https:\/\/bfslmauritius.com\/?s={search_term_string}"},"query-input":{"@type":"PropertyValueSpecification","valueRequired":true,"valueName":"search_term_string"}}],"inLanguage":"fr-FR"},{"@type":"Organization","@id":"https:\/\/bfslmauritius.com\/#organization","name":"BPML","url":"https:\/\/bfslmauritius.com\/","logo":{"@type":"ImageObject","inLanguage":"fr-FR","@id":"https:\/\/bfslmauritius.com\/#\/schema\/logo\/image\/","url":"https:\/\/bfslmauritius.com\/wp-content\/uploads\/2021\/09\/logo.jpg","contentUrl":"https:\/\/bfslmauritius.com\/wp-content\/uploads\/2021\/09\/logo.jpg","width":350,"height":60,"caption":"BPML"},"image":{"@id":"https:\/\/bfslmauritius.com\/#\/schema\/logo\/image\/"},"sameAs":["https:\/\/www.facebook.com\/BPML-Freeport-Services-Ltd-106537164100136","https:\/\/www.linkedin.com\/company\/bpml-freeport-services-ltd\/","https:\/\/www.youtube.com\/channel\/UCzYq0t0WQCU290hJgAbIr5w"]}]}},"_links":{"self":[{"href":"https:\/\/bfslmauritius.com\/fr\/wp-json\/wp\/v2\/pages\/7762","targetHints":{"allow":["GET"]}}],"collection":[{"href":"https:\/\/bfslmauritius.com\/fr\/wp-json\/wp\/v2\/pages"}],"about":[{"href":"https:\/\/bfslmauritius.com\/fr\/wp-json\/wp\/v2\/types\/page"}],"author":[{"embeddable":true,"href":"https:\/\/bfslmauritius.com\/fr\/wp-json\/wp\/v2\/users\/1"}],"replies":[{"embeddable":true,"href":"https:\/\/bfslmauritius.com\/fr\/wp-json\/wp\/v2\/comments?post=7762"}],"version-history":[{"count":23,"href":"https:\/\/bfslmauritius.com\/fr\/wp-json\/wp\/v2\/pages\/7762\/revisions"}],"predecessor-version":[{"id":8109,"href":"https:\/\/bfslmauritius.com\/fr\/wp-json\/wp\/v2\/pages\/7762\/revisions\/8109"}],"wp:attachment":[{"href":"https:\/\/bfslmauritius.com\/fr\/wp-json\/wp\/v2\/media?parent=7762"}],"curies":[{"name":"wp","href":"https:\/\/api.w.org\/{rel}","templated":true}]}}