{"id":6903,"date":"2021-10-13T12:07:21","date_gmt":"2021-10-13T12:07:21","guid":{"rendered":"https:\/\/www.bfslmu.com\/?page_id=6903"},"modified":"2022-02-10T11:03:35","modified_gmt":"2022-02-10T11:03:35","slug":"office-space","status":"publish","type":"page","link":"https:\/\/bfslmauritius.com\/fr\/office-space\/","title":{"rendered":"Espace de bureau"},"content":{"rendered":"<div data-elementor-type=\"wp-page\" data-elementor-id=\"6903\" class=\"elementor elementor-6903\">\n\t\t\t\t\t\t<section class=\"elementor-section elementor-top-section elementor-element elementor-element-655335c elementor-section-boxed elementor-section-height-default elementor-section-height-default\" data-id=\"655335c\" data-element_type=\"section\">\n\t\t\t\t\t\t<div class=\"elementor-container elementor-column-gap-default\">\n\t\t\t\t\t<div class=\"elementor-column elementor-col-100 elementor-top-column elementor-element elementor-element-0412e9d\" data-id=\"0412e9d\" data-element_type=\"column\">\n\t\t\t<div class=\"elementor-widget-wrap elementor-element-populated\">\n\t\t\t\t\t\t<section class=\"elementor-section elementor-inner-section elementor-element elementor-element-ffc3e0d elementor-section-boxed elementor-section-height-default elementor-section-height-default\" data-id=\"ffc3e0d\" data-element_type=\"section\">\n\t\t\t\t\t\t<div class=\"elementor-container elementor-column-gap-default\">\n\t\t\t\t\t<div class=\"elementor-column elementor-col-50 elementor-inner-column elementor-element elementor-element-e2a3049\" data-id=\"e2a3049\" data-element_type=\"column\">\n\t\t\t<div class=\"elementor-widget-wrap elementor-element-populated\">\n\t\t\t\t\t\t<div class=\"elementor-element elementor-element-f244fe6 animated-slow elementor-invisible elementor-widget elementor-widget-image\" data-id=\"f244fe6\" data-element_type=\"widget\" data-settings=\"{&quot;_animation&quot;:&quot;fadeInLeft&quot;}\" data-widget_type=\"image.default\">\n\t\t\t\t<div class=\"elementor-widget-container\">\n\t\t\t\t\t\t\t\t\t\t\t\t\t<img fetchpriority=\"high\" decoding=\"async\" width=\"768\" height=\"1024\" src=\"https:\/\/bfslmauritius.com\/wp-content\/uploads\/2021\/09\/office2-768x1024.jpg\" class=\"attachment-large size-large wp-image-7627\" alt=\"Unfurnished and basic office space\" srcset=\"https:\/\/bfslmauritius.com\/wp-content\/uploads\/2021\/09\/office2-768x1024.jpg 768w, https:\/\/bfslmauritius.com\/wp-content\/uploads\/2021\/09\/office2-225x300.jpg 225w, https:\/\/bfslmauritius.com\/wp-content\/uploads\/2021\/09\/office2-9x12.jpg 9w, https:\/\/bfslmauritius.com\/wp-content\/uploads\/2021\/09\/office2.jpg 782w\" sizes=\"(max-width: 768px) 100vw, 768px\" \/>\t\t\t\t\t\t\t\t\t\t\t\t\t<\/div>\n\t\t\t\t<\/div>\n\t\t\t\t\t<\/div>\n\t\t<\/div>\n\t\t\t\t<div class=\"elementor-column elementor-col-50 elementor-inner-column elementor-element elementor-element-8fc3d30\" data-id=\"8fc3d30\" data-element_type=\"column\">\n\t\t\t<div class=\"elementor-widget-wrap elementor-element-populated\">\n\t\t\t\t\t\t<div class=\"elementor-element elementor-element-2014247 aleft elementor-widget elementor-widget-wgl-double-heading\" data-id=\"2014247\" data-element_type=\"widget\" data-widget_type=\"wgl-double-heading.default\">\n\t\t\t\t<div class=\"elementor-widget-container\">\n\t\t\t<div class=\"wgl-double-heading\"><h3 class=\"dblh__title-wrapper\"><span class=\"dblh__title dblh__title-1\">Emplacements<\/span><span class=\"dblh__title dblh__title-2\"> privil\u00e9gi\u00e9s<\/span><\/h3><\/div>\t\t<\/div>\n\t\t\t\t<\/div>\n\t\t\t\t<div class=\"elementor-element elementor-element-94726b5 elementor-widget elementor-widget-text-editor\" data-id=\"94726b5\" data-element_type=\"widget\" data-widget_type=\"text-editor.default\">\n\t\t\t\t<div class=\"elementor-widget-container\">\n\t\t\t\t\t\t\t<p>Notre espace de bureaux (1,245 m<sup>2<\/sup>) est id\u00e9alement situ\u00e9 dans nos trois zones port franc, ce qui vous permet de mieux vous connecter \u00e0 la proximit\u00e9 des principaux fournisseurs de services et institutions. De plus, il vous aide \u00e0 g\u00e9rer la partie administrative et logistiques de votre entreprise avec vos principales activit\u00e9s op\u00e9rationnelles sur le site.<\/p><p><strong>Nous Offrons: <\/strong><\/p><ul><li>Des espaces locatifs pour bureau non meubl\u00e9 et facilit\u00e9s de base.<\/li><\/ul>\t\t\t\t\t\t<\/div>\n\t\t\t\t<\/div>\n\t\t\t\t\t<\/div>\n\t\t<\/div>\n\t\t\t\t\t<\/div>\n\t\t<\/section>\n\t\t\t\t<div class=\"elementor-element elementor-element-120c59e elementor-widget elementor-widget-spacer\" data-id=\"120c59e\" data-element_type=\"widget\" data-widget_type=\"spacer.default\">\n\t\t\t\t<div class=\"elementor-widget-container\">\n\t\t\t\t\t<div class=\"elementor-spacer\">\n\t\t\t<div class=\"elementor-spacer-inner\"><\/div>\n\t\t<\/div>\n\t\t\t\t<\/div>\n\t\t\t\t<\/div>\n\t\t\t\t\t<\/div>\n\t\t<\/div>\n\t\t\t\t\t<\/div>\n\t\t<\/section>\n\t\t\t\t<\/div>","protected":false},"excerpt":{"rendered":"<p>Prime location Our office space (1,245 m2) is primely located in our three Freeport Zones which allows you to better connect with the proximity of the major service providers and institutions. Furthermore, it helps you to manage the administrative and logistical part of your business with your main operational activities on-site. We provide: Unfurnished and [&hellip;]<\/p>\n","protected":false},"author":1,"featured_media":0,"parent":0,"menu_order":0,"comment_status":"closed","ping_status":"closed","template":"","meta":{"footnotes":""},"class_list":["post-6903","page","type-page","status-publish","hentry"],"yoast_head":"<!-- This site is optimized with the Yoast SEO plugin v26.1 - https:\/\/yoast.com\/wordpress\/plugins\/seo\/ -->\n<title>Office Space - BPML Freeport Services Ltd Mauritius<\/title>\n<meta name=\"description\" content=\"Our office space allows you to better connect with the proximity of the major service providers and institutions.\" \/>\n<meta name=\"robots\" content=\"index, follow, max-snippet:-1, max-image-preview:large, max-video-preview:-1\" \/>\n<link rel=\"canonical\" href=\"https:\/\/bfslmauritius.com\/fr\/office-space\/\" \/>\n<meta property=\"og:locale\" content=\"fr_FR\" \/>\n<meta property=\"og:type\" content=\"article\" \/>\n<meta property=\"og:title\" content=\"Office Space - BPML Freeport Services Ltd Mauritius\" \/>\n<meta property=\"og:description\" content=\"Our office space allows you to better connect with the proximity of the major service providers and institutions.\" \/>\n<meta property=\"og:url\" content=\"https:\/\/bfslmauritius.com\/fr\/office-space\/\" \/>\n<meta property=\"og:site_name\" content=\"BPML\" \/>\n<meta property=\"article:publisher\" content=\"https:\/\/www.facebook.com\/BPML-Freeport-Services-Ltd-106537164100136\" \/>\n<meta property=\"article:modified_time\" content=\"2022-02-10T11:03:35+00:00\" \/>\n<meta property=\"og:image\" content=\"https:\/\/www.bfslmauritius.com\/wp-content\/uploads\/2021\/09\/office2-768x1024.jpg\" \/>\n<meta name=\"twitter:card\" content=\"summary_large_image\" \/>\n<meta name=\"twitter:label1\" content=\"Dur\u00e9e de lecture estim\u00e9e\" \/>\n\t<meta name=\"twitter:data1\" content=\"1 minute\" \/>\n<script type=\"application\/ld+json\" class=\"yoast-schema-graph\">{\"@context\":\"https:\/\/schema.org\",\"@graph\":[{\"@type\":\"WebPage\",\"@id\":\"https:\/\/bfslmauritius.com\/office-space\/\",\"url\":\"https:\/\/bfslmauritius.com\/office-space\/\",\"name\":\"Office Space - BPML Freeport Services Ltd Mauritius\",\"isPartOf\":{\"@id\":\"https:\/\/bfslmauritius.com\/#website\"},\"primaryImageOfPage\":{\"@id\":\"https:\/\/bfslmauritius.com\/office-space\/#primaryimage\"},\"image\":{\"@id\":\"https:\/\/bfslmauritius.com\/office-space\/#primaryimage\"},\"thumbnailUrl\":\"https:\/\/www.bfslmauritius.com\/wp-content\/uploads\/2021\/09\/office2-768x1024.jpg\",\"datePublished\":\"2021-10-13T12:07:21+00:00\",\"dateModified\":\"2022-02-10T11:03:35+00:00\",\"description\":\"Our office space allows you to better connect with the proximity of the major service providers and institutions.\",\"breadcrumb\":{\"@id\":\"https:\/\/bfslmauritius.com\/office-space\/#breadcrumb\"},\"inLanguage\":\"fr-FR\",\"potentialAction\":[{\"@type\":\"ReadAction\",\"target\":[\"https:\/\/bfslmauritius.com\/office-space\/\"]}]},{\"@type\":\"ImageObject\",\"inLanguage\":\"fr-FR\",\"@id\":\"https:\/\/bfslmauritius.com\/office-space\/#primaryimage\",\"url\":\"https:\/\/www.bfslmauritius.com\/wp-content\/uploads\/2021\/09\/office2-768x1024.jpg\",\"contentUrl\":\"https:\/\/www.bfslmauritius.com\/wp-content\/uploads\/2021\/09\/office2-768x1024.jpg\"},{\"@type\":\"BreadcrumbList\",\"@id\":\"https:\/\/bfslmauritius.com\/office-space\/#breadcrumb\",\"itemListElement\":[{\"@type\":\"ListItem\",\"position\":1,\"name\":\"Home\",\"item\":\"https:\/\/bfslmauritius.com\/\"},{\"@type\":\"ListItem\",\"position\":2,\"name\":\"Office Space\"}]},{\"@type\":\"WebSite\",\"@id\":\"https:\/\/bfslmauritius.com\/#website\",\"url\":\"https:\/\/bfslmauritius.com\/\",\"name\":\"BPML\",\"description\":\"Freeport Services Ltd\",\"publisher\":{\"@id\":\"https:\/\/bfslmauritius.com\/#organization\"},\"potentialAction\":[{\"@type\":\"SearchAction\",\"target\":{\"@type\":\"EntryPoint\",\"urlTemplate\":\"https:\/\/bfslmauritius.com\/?s={search_term_string}\"},\"query-input\":{\"@type\":\"PropertyValueSpecification\",\"valueRequired\":true,\"valueName\":\"search_term_string\"}}],\"inLanguage\":\"fr-FR\"},{\"@type\":\"Organization\",\"@id\":\"https:\/\/bfslmauritius.com\/#organization\",\"name\":\"BPML\",\"url\":\"https:\/\/bfslmauritius.com\/\",\"logo\":{\"@type\":\"ImageObject\",\"inLanguage\":\"fr-FR\",\"@id\":\"https:\/\/bfslmauritius.com\/#\/schema\/logo\/image\/\",\"url\":\"https:\/\/bfslmauritius.com\/wp-content\/uploads\/2021\/09\/logo.jpg\",\"contentUrl\":\"https:\/\/bfslmauritius.com\/wp-content\/uploads\/2021\/09\/logo.jpg\",\"width\":350,\"height\":60,\"caption\":\"BPML\"},\"image\":{\"@id\":\"https:\/\/bfslmauritius.com\/#\/schema\/logo\/image\/\"},\"sameAs\":[\"https:\/\/www.facebook.com\/BPML-Freeport-Services-Ltd-106537164100136\",\"https:\/\/www.linkedin.com\/company\/bpml-freeport-services-ltd\/\",\"https:\/\/www.youtube.com\/channel\/UCzYq0t0WQCU290hJgAbIr5w\"]}]}<\/script>\n<!-- \/ Yoast SEO plugin. -->","yoast_head_json":{"title":"Office Space - BPML Freeport Services Ltd Mauritius","description":"Our office space allows you to better connect with the proximity of the major service providers and institutions.","robots":{"index":"index","follow":"follow","max-snippet":"max-snippet:-1","max-image-preview":"max-image-preview:large","max-video-preview":"max-video-preview:-1"},"canonical":"https:\/\/bfslmauritius.com\/fr\/office-space\/","og_locale":"fr_FR","og_type":"article","og_title":"Office Space - BPML Freeport Services Ltd Mauritius","og_description":"Our office space allows you to better connect with the proximity of the major service providers and institutions.","og_url":"https:\/\/bfslmauritius.com\/fr\/office-space\/","og_site_name":"BPML","article_publisher":"https:\/\/www.facebook.com\/BPML-Freeport-Services-Ltd-106537164100136","article_modified_time":"2022-02-10T11:03:35+00:00","og_image":[{"url":"https:\/\/www.bfslmauritius.com\/wp-content\/uploads\/2021\/09\/office2-768x1024.jpg","type":"","width":"","height":""}],"twitter_card":"summary_large_image","twitter_misc":{"Dur\u00e9e de lecture estim\u00e9e":"1 minute"},"schema":{"@context":"https:\/\/schema.org","@graph":[{"@type":"WebPage","@id":"https:\/\/bfslmauritius.com\/office-space\/","url":"https:\/\/bfslmauritius.com\/office-space\/","name":"Office Space - BPML Freeport Services Ltd Mauritius","isPartOf":{"@id":"https:\/\/bfslmauritius.com\/#website"},"primaryImageOfPage":{"@id":"https:\/\/bfslmauritius.com\/office-space\/#primaryimage"},"image":{"@id":"https:\/\/bfslmauritius.com\/office-space\/#primaryimage"},"thumbnailUrl":"https:\/\/www.bfslmauritius.com\/wp-content\/uploads\/2021\/09\/office2-768x1024.jpg","datePublished":"2021-10-13T12:07:21+00:00","dateModified":"2022-02-10T11:03:35+00:00","description":"Our office space allows you to better connect with the proximity of the major service providers and institutions.","breadcrumb":{"@id":"https:\/\/bfslmauritius.com\/office-space\/#breadcrumb"},"inLanguage":"fr-FR","potentialAction":[{"@type":"ReadAction","target":["https:\/\/bfslmauritius.com\/office-space\/"]}]},{"@type":"ImageObject","inLanguage":"fr-FR","@id":"https:\/\/bfslmauritius.com\/office-space\/#primaryimage","url":"https:\/\/www.bfslmauritius.com\/wp-content\/uploads\/2021\/09\/office2-768x1024.jpg","contentUrl":"https:\/\/www.bfslmauritius.com\/wp-content\/uploads\/2021\/09\/office2-768x1024.jpg"},{"@type":"BreadcrumbList","@id":"https:\/\/bfslmauritius.com\/office-space\/#breadcrumb","itemListElement":[{"@type":"ListItem","position":1,"name":"Home","item":"https:\/\/bfslmauritius.com\/"},{"@type":"ListItem","position":2,"name":"Office Space"}]},{"@type":"WebSite","@id":"https:\/\/bfslmauritius.com\/#website","url":"https:\/\/bfslmauritius.com\/","name":"BPML","description":"Freeport Services Ltd","publisher":{"@id":"https:\/\/bfslmauritius.com\/#organization"},"potentialAction":[{"@type":"SearchAction","target":{"@type":"EntryPoint","urlTemplate":"https:\/\/bfslmauritius.com\/?s={search_term_string}"},"query-input":{"@type":"PropertyValueSpecification","valueRequired":true,"valueName":"search_term_string"}}],"inLanguage":"fr-FR"},{"@type":"Organization","@id":"https:\/\/bfslmauritius.com\/#organization","name":"BPML","url":"https:\/\/bfslmauritius.com\/","logo":{"@type":"ImageObject","inLanguage":"fr-FR","@id":"https:\/\/bfslmauritius.com\/#\/schema\/logo\/image\/","url":"https:\/\/bfslmauritius.com\/wp-content\/uploads\/2021\/09\/logo.jpg","contentUrl":"https:\/\/bfslmauritius.com\/wp-content\/uploads\/2021\/09\/logo.jpg","width":350,"height":60,"caption":"BPML"},"image":{"@id":"https:\/\/bfslmauritius.com\/#\/schema\/logo\/image\/"},"sameAs":["https:\/\/www.facebook.com\/BPML-Freeport-Services-Ltd-106537164100136","https:\/\/www.linkedin.com\/company\/bpml-freeport-services-ltd\/","https:\/\/www.youtube.com\/channel\/UCzYq0t0WQCU290hJgAbIr5w"]}]}},"_links":{"self":[{"href":"https:\/\/bfslmauritius.com\/fr\/wp-json\/wp\/v2\/pages\/6903","targetHints":{"allow":["GET"]}}],"collection":[{"href":"https:\/\/bfslmauritius.com\/fr\/wp-json\/wp\/v2\/pages"}],"about":[{"href":"https:\/\/bfslmauritius.com\/fr\/wp-json\/wp\/v2\/types\/page"}],"author":[{"embeddable":true,"href":"https:\/\/bfslmauritius.com\/fr\/wp-json\/wp\/v2\/users\/1"}],"replies":[{"embeddable":true,"href":"https:\/\/bfslmauritius.com\/fr\/wp-json\/wp\/v2\/comments?post=6903"}],"version-history":[{"count":32,"href":"https:\/\/bfslmauritius.com\/fr\/wp-json\/wp\/v2\/pages\/6903\/revisions"}],"predecessor-version":[{"id":8307,"href":"https:\/\/bfslmauritius.com\/fr\/wp-json\/wp\/v2\/pages\/6903\/revisions\/8307"}],"wp:attachment":[{"href":"https:\/\/bfslmauritius.com\/fr\/wp-json\/wp\/v2\/media?parent=6903"}],"curies":[{"name":"wp","href":"https:\/\/api.w.org\/{rel}","templated":true}]}}