{"id":6863,"date":"2021-10-13T10:20:43","date_gmt":"2021-10-13T10:20:43","guid":{"rendered":"https:\/\/www.bfslmu.com\/?page_id=6863"},"modified":"2024-09-23T10:03:55","modified_gmt":"2024-09-23T10:03:55","slug":"bonded-car-yard","status":"publish","type":"page","link":"https:\/\/bfslmauritius.com\/fr\/bonded-car-yard\/","title":{"rendered":"Parc de voitures sous douanes"},"content":{"rendered":"<div data-elementor-type=\"wp-page\" data-elementor-id=\"6863\" class=\"elementor elementor-6863\">\n\t\t\t\t\t\t<section class=\"elementor-section elementor-top-section elementor-element elementor-element-db0b04c elementor-section-boxed elementor-section-height-default elementor-section-height-default\" data-id=\"db0b04c\" data-element_type=\"section\">\n\t\t\t\t\t\t<div class=\"elementor-container elementor-column-gap-default\">\n\t\t\t\t\t<div class=\"elementor-column elementor-col-100 elementor-top-column elementor-element elementor-element-3242df8\" data-id=\"3242df8\" data-element_type=\"column\">\n\t\t\t<div class=\"elementor-widget-wrap elementor-element-populated\">\n\t\t\t\t\t\t<section class=\"elementor-section elementor-inner-section elementor-element elementor-element-f2c73db elementor-section-boxed elementor-section-height-default elementor-section-height-default\" data-id=\"f2c73db\" data-element_type=\"section\">\n\t\t\t\t\t\t<div class=\"elementor-container elementor-column-gap-default\">\n\t\t\t\t\t<div class=\"elementor-column elementor-col-50 elementor-inner-column elementor-element elementor-element-fce9488\" data-id=\"fce9488\" data-element_type=\"column\" data-settings=\"{&quot;background_background&quot;:&quot;classic&quot;}\">\n\t\t\t<div class=\"elementor-widget-wrap elementor-element-populated\">\n\t\t\t\t\t\t<div class=\"elementor-element elementor-element-4abb465 elementor-widget elementor-widget-image\" data-id=\"4abb465\" data-element_type=\"widget\" data-widget_type=\"image.default\">\n\t\t\t\t<div class=\"elementor-widget-container\">\n\t\t\t\t\t\t\t\t\t\t\t\t\t<img fetchpriority=\"high\" decoding=\"async\" width=\"1024\" height=\"712\" src=\"https:\/\/bfslmauritius.com\/wp-content\/uploads\/2021\/10\/bonded-car-yard1-1024x712.jpg\" class=\"attachment-large size-large wp-image-7166\" alt=\"bonded car yard\" srcset=\"https:\/\/bfslmauritius.com\/wp-content\/uploads\/2021\/10\/bonded-car-yard1-1024x712.jpg 1024w, https:\/\/bfslmauritius.com\/wp-content\/uploads\/2021\/10\/bonded-car-yard1-300x209.jpg 300w, https:\/\/bfslmauritius.com\/wp-content\/uploads\/2021\/10\/bonded-car-yard1-768x534.jpg 768w, https:\/\/bfslmauritius.com\/wp-content\/uploads\/2021\/10\/bonded-car-yard1-18x12.jpg 18w, https:\/\/bfslmauritius.com\/wp-content\/uploads\/2021\/10\/bonded-car-yard1-1080x751.jpg 1080w, https:\/\/bfslmauritius.com\/wp-content\/uploads\/2021\/10\/bonded-car-yard1.jpg 1500w\" sizes=\"(max-width: 1024px) 100vw, 1024px\" \/>\t\t\t\t\t\t\t\t\t\t\t\t\t<\/div>\n\t\t\t\t<\/div>\n\t\t\t\t\t<\/div>\n\t\t<\/div>\n\t\t\t\t<div class=\"elementor-column elementor-col-50 elementor-inner-column elementor-element elementor-element-851d179\" data-id=\"851d179\" data-element_type=\"column\">\n\t\t\t<div class=\"elementor-widget-wrap elementor-element-populated\">\n\t\t\t\t\t\t<div class=\"elementor-element elementor-element-ef7e750 aleft elementor-widget elementor-widget-wgl-double-heading\" data-id=\"ef7e750\" data-element_type=\"widget\" data-widget_type=\"wgl-double-heading.default\">\n\t\t\t\t<div class=\"elementor-widget-container\">\n\t\t\t<div class=\"wgl-double-heading\"><h3 class=\"dblh__title-wrapper\"><span class=\"dblh__title dblh__title-1\">Nous nous sommes fait une r\u00e9putation dans <\/span><span class=\"dblh__title dblh__title-2\">le stockage des voitures sous douane<\/span><\/h3><\/div>\t\t<\/div>\n\t\t\t\t<\/div>\n\t\t\t\t<div class=\"elementor-element elementor-element-a30ec3d elementor-widget elementor-widget-text-editor\" data-id=\"a30ec3d\" data-element_type=\"widget\" data-widget_type=\"text-editor.default\">\n\t\t\t\t<div class=\"elementor-widget-container\">\n\t\t\t\t\t\t\t<p>Nous mettons \u00e0 votre disposition la plus grande aire de stockage sous douane pour v\u00e9hicules (8 520 m\u00b2).<sup>2<\/sup>Dans le Port Franc (Zone 6) pour le stockage de v\u00e9hicules import\u00e9s par les importateurs locaux en vue de leur commercialisation sur le march\u00e9 local.<\/p><p>Nos clients incluent les principaux acteurs de l'importation de v\u00e9hicules neufs et d'occasion. Ils nous ont choisis non seulement pour notre vaste capacit\u00e9 de stockage et nos prix comp\u00e9titifs, mais surtout parce que leurs produits n\u00e9cessitent une zone de stockage s\u00e9curis\u00e9e. En tant que d\u00e9veloppeur de Port Franc agr\u00e9\u00e9, nous r\u00e9pondons \u00e0 toutes ces exigences en termes de s\u00e9curit\u00e9, de protection et de conformit\u00e9. Ainsi, notre parc de voitures sous douane est cl\u00f4tur\u00e9, id\u00e9alement situ\u00e9 dans le Port Franc, \u00e9quip\u00e9 de syst\u00e8mes de cam\u00e9ras de surveillance, de services de s\u00e9curit\u00e9, d'un \u00e9clairage ad\u00e9quat et est enti\u00e8rement couvert par une caution exig\u00e9e par les douanes de la MRA.<\/p><p><strong>Nous Offrons: <\/strong><\/p><ul><li>Espace commun pour le stockage des v\u00e9hicules import\u00e9s.<\/li><\/ul>\t\t\t\t\t\t<\/div>\n\t\t\t\t<\/div>\n\t\t\t\t\t<\/div>\n\t\t<\/div>\n\t\t\t\t\t<\/div>\n\t\t<\/section>\n\t\t\t\t<div class=\"elementor-element elementor-element-37ded47 elementor-widget elementor-widget-spacer\" data-id=\"37ded47\" data-element_type=\"widget\" data-widget_type=\"spacer.default\">\n\t\t\t\t<div class=\"elementor-widget-container\">\n\t\t\t\t\t<div class=\"elementor-spacer\">\n\t\t\t<div class=\"elementor-spacer-inner\"><\/div>\n\t\t<\/div>\n\t\t\t\t<\/div>\n\t\t\t\t<\/div>\n\t\t\t\t\t<\/div>\n\t\t<\/div>\n\t\t\t\t\t<\/div>\n\t\t<\/section>\n\t\t\t\t<\/div>","protected":false},"excerpt":{"rendered":"<p>We have made a reputation in bonded car yard storage We offer the largest bonded car yard facility (8,520 m2) in the Freeport Zones (Zone 6) for storage of imported cars by local motor vehicle importers destined for sale on the local market. Our customers are composed of the major players importing new and as [&hellip;]<\/p>\n","protected":false},"author":1,"featured_media":0,"parent":0,"menu_order":0,"comment_status":"closed","ping_status":"closed","template":"","meta":{"footnotes":""},"class_list":["post-6863","page","type-page","status-publish","hentry"],"yoast_head":"<!-- This site is optimized with the Yoast SEO plugin v26.1 - https:\/\/yoast.com\/wordpress\/plugins\/seo\/ -->\n<title>Bonded Car Yard - BPML Freeport Services Ltd Mauritius<\/title>\n<meta name=\"description\" content=\"We offer the largest bonded car yard facility for storage of imported cars by local motor vehicles importers.\" \/>\n<meta name=\"robots\" content=\"index, follow, max-snippet:-1, max-image-preview:large, max-video-preview:-1\" \/>\n<link rel=\"canonical\" href=\"https:\/\/bfslmauritius.com\/fr\/bonded-car-yard\/\" \/>\n<meta property=\"og:locale\" content=\"fr_FR\" \/>\n<meta property=\"og:type\" content=\"article\" \/>\n<meta property=\"og:title\" content=\"Bonded Car Yard - BPML Freeport Services Ltd Mauritius\" \/>\n<meta property=\"og:description\" content=\"We offer the largest bonded car yard facility for storage of imported cars by local motor vehicles importers.\" \/>\n<meta property=\"og:url\" content=\"https:\/\/bfslmauritius.com\/fr\/bonded-car-yard\/\" \/>\n<meta property=\"og:site_name\" content=\"BPML\" \/>\n<meta property=\"article:publisher\" content=\"https:\/\/www.facebook.com\/BPML-Freeport-Services-Ltd-106537164100136\" \/>\n<meta property=\"article:modified_time\" content=\"2024-09-23T10:03:55+00:00\" \/>\n<meta property=\"og:image\" content=\"http:\/\/bfslmauritius.com\/wp-content\/uploads\/2021\/10\/bonded-car-yard1-1024x712.jpg\" \/>\n<meta name=\"twitter:card\" content=\"summary_large_image\" \/>\n<meta name=\"twitter:label1\" content=\"Dur\u00e9e de lecture estim\u00e9e\" \/>\n\t<meta name=\"twitter:data1\" content=\"1 minute\" \/>\n<script type=\"application\/ld+json\" class=\"yoast-schema-graph\">{\"@context\":\"https:\/\/schema.org\",\"@graph\":[{\"@type\":\"WebPage\",\"@id\":\"https:\/\/bfslmauritius.com\/bonded-car-yard\/\",\"url\":\"https:\/\/bfslmauritius.com\/bonded-car-yard\/\",\"name\":\"Bonded Car Yard - BPML Freeport Services Ltd Mauritius\",\"isPartOf\":{\"@id\":\"https:\/\/bfslmauritius.com\/#website\"},\"primaryImageOfPage\":{\"@id\":\"https:\/\/bfslmauritius.com\/bonded-car-yard\/#primaryimage\"},\"image\":{\"@id\":\"https:\/\/bfslmauritius.com\/bonded-car-yard\/#primaryimage\"},\"thumbnailUrl\":\"http:\/\/bfslmauritius.com\/wp-content\/uploads\/2021\/10\/bonded-car-yard1-1024x712.jpg\",\"datePublished\":\"2021-10-13T10:20:43+00:00\",\"dateModified\":\"2024-09-23T10:03:55+00:00\",\"description\":\"We offer the largest bonded car yard facility for storage of imported cars by local motor vehicles importers.\",\"breadcrumb\":{\"@id\":\"https:\/\/bfslmauritius.com\/bonded-car-yard\/#breadcrumb\"},\"inLanguage\":\"fr-FR\",\"potentialAction\":[{\"@type\":\"ReadAction\",\"target\":[\"https:\/\/bfslmauritius.com\/bonded-car-yard\/\"]}]},{\"@type\":\"ImageObject\",\"inLanguage\":\"fr-FR\",\"@id\":\"https:\/\/bfslmauritius.com\/bonded-car-yard\/#primaryimage\",\"url\":\"http:\/\/bfslmauritius.com\/wp-content\/uploads\/2021\/10\/bonded-car-yard1-1024x712.jpg\",\"contentUrl\":\"http:\/\/bfslmauritius.com\/wp-content\/uploads\/2021\/10\/bonded-car-yard1-1024x712.jpg\"},{\"@type\":\"BreadcrumbList\",\"@id\":\"https:\/\/bfslmauritius.com\/bonded-car-yard\/#breadcrumb\",\"itemListElement\":[{\"@type\":\"ListItem\",\"position\":1,\"name\":\"Home\",\"item\":\"https:\/\/bfslmauritius.com\/\"},{\"@type\":\"ListItem\",\"position\":2,\"name\":\"Bonded Car Yard\"}]},{\"@type\":\"WebSite\",\"@id\":\"https:\/\/bfslmauritius.com\/#website\",\"url\":\"https:\/\/bfslmauritius.com\/\",\"name\":\"BPML\",\"description\":\"Freeport Services Ltd\",\"publisher\":{\"@id\":\"https:\/\/bfslmauritius.com\/#organization\"},\"potentialAction\":[{\"@type\":\"SearchAction\",\"target\":{\"@type\":\"EntryPoint\",\"urlTemplate\":\"https:\/\/bfslmauritius.com\/?s={search_term_string}\"},\"query-input\":{\"@type\":\"PropertyValueSpecification\",\"valueRequired\":true,\"valueName\":\"search_term_string\"}}],\"inLanguage\":\"fr-FR\"},{\"@type\":\"Organization\",\"@id\":\"https:\/\/bfslmauritius.com\/#organization\",\"name\":\"BPML\",\"url\":\"https:\/\/bfslmauritius.com\/\",\"logo\":{\"@type\":\"ImageObject\",\"inLanguage\":\"fr-FR\",\"@id\":\"https:\/\/bfslmauritius.com\/#\/schema\/logo\/image\/\",\"url\":\"https:\/\/bfslmauritius.com\/wp-content\/uploads\/2021\/09\/logo.jpg\",\"contentUrl\":\"https:\/\/bfslmauritius.com\/wp-content\/uploads\/2021\/09\/logo.jpg\",\"width\":350,\"height\":60,\"caption\":\"BPML\"},\"image\":{\"@id\":\"https:\/\/bfslmauritius.com\/#\/schema\/logo\/image\/\"},\"sameAs\":[\"https:\/\/www.facebook.com\/BPML-Freeport-Services-Ltd-106537164100136\",\"https:\/\/www.linkedin.com\/company\/bpml-freeport-services-ltd\/\",\"https:\/\/www.youtube.com\/channel\/UCzYq0t0WQCU290hJgAbIr5w\"]}]}<\/script>\n<!-- \/ Yoast SEO plugin. -->","yoast_head_json":{"title":"Bonded Car Yard - BPML Freeport Services Ltd Mauritius","description":"We offer the largest bonded car yard facility for storage of imported cars by local motor vehicles importers.","robots":{"index":"index","follow":"follow","max-snippet":"max-snippet:-1","max-image-preview":"max-image-preview:large","max-video-preview":"max-video-preview:-1"},"canonical":"https:\/\/bfslmauritius.com\/fr\/bonded-car-yard\/","og_locale":"fr_FR","og_type":"article","og_title":"Bonded Car Yard - BPML Freeport Services Ltd Mauritius","og_description":"We offer the largest bonded car yard facility for storage of imported cars by local motor vehicles importers.","og_url":"https:\/\/bfslmauritius.com\/fr\/bonded-car-yard\/","og_site_name":"BPML","article_publisher":"https:\/\/www.facebook.com\/BPML-Freeport-Services-Ltd-106537164100136","article_modified_time":"2024-09-23T10:03:55+00:00","og_image":[{"url":"http:\/\/bfslmauritius.com\/wp-content\/uploads\/2021\/10\/bonded-car-yard1-1024x712.jpg","type":"","width":"","height":""}],"twitter_card":"summary_large_image","twitter_misc":{"Dur\u00e9e de lecture estim\u00e9e":"1 minute"},"schema":{"@context":"https:\/\/schema.org","@graph":[{"@type":"WebPage","@id":"https:\/\/bfslmauritius.com\/bonded-car-yard\/","url":"https:\/\/bfslmauritius.com\/bonded-car-yard\/","name":"Bonded Car Yard - BPML Freeport Services Ltd Mauritius","isPartOf":{"@id":"https:\/\/bfslmauritius.com\/#website"},"primaryImageOfPage":{"@id":"https:\/\/bfslmauritius.com\/bonded-car-yard\/#primaryimage"},"image":{"@id":"https:\/\/bfslmauritius.com\/bonded-car-yard\/#primaryimage"},"thumbnailUrl":"http:\/\/bfslmauritius.com\/wp-content\/uploads\/2021\/10\/bonded-car-yard1-1024x712.jpg","datePublished":"2021-10-13T10:20:43+00:00","dateModified":"2024-09-23T10:03:55+00:00","description":"We offer the largest bonded car yard facility for storage of imported cars by local motor vehicles importers.","breadcrumb":{"@id":"https:\/\/bfslmauritius.com\/bonded-car-yard\/#breadcrumb"},"inLanguage":"fr-FR","potentialAction":[{"@type":"ReadAction","target":["https:\/\/bfslmauritius.com\/bonded-car-yard\/"]}]},{"@type":"ImageObject","inLanguage":"fr-FR","@id":"https:\/\/bfslmauritius.com\/bonded-car-yard\/#primaryimage","url":"http:\/\/bfslmauritius.com\/wp-content\/uploads\/2021\/10\/bonded-car-yard1-1024x712.jpg","contentUrl":"http:\/\/bfslmauritius.com\/wp-content\/uploads\/2021\/10\/bonded-car-yard1-1024x712.jpg"},{"@type":"BreadcrumbList","@id":"https:\/\/bfslmauritius.com\/bonded-car-yard\/#breadcrumb","itemListElement":[{"@type":"ListItem","position":1,"name":"Home","item":"https:\/\/bfslmauritius.com\/"},{"@type":"ListItem","position":2,"name":"Bonded Car Yard"}]},{"@type":"WebSite","@id":"https:\/\/bfslmauritius.com\/#website","url":"https:\/\/bfslmauritius.com\/","name":"BPML","description":"Freeport Services Ltd","publisher":{"@id":"https:\/\/bfslmauritius.com\/#organization"},"potentialAction":[{"@type":"SearchAction","target":{"@type":"EntryPoint","urlTemplate":"https:\/\/bfslmauritius.com\/?s={search_term_string}"},"query-input":{"@type":"PropertyValueSpecification","valueRequired":true,"valueName":"search_term_string"}}],"inLanguage":"fr-FR"},{"@type":"Organization","@id":"https:\/\/bfslmauritius.com\/#organization","name":"BPML","url":"https:\/\/bfslmauritius.com\/","logo":{"@type":"ImageObject","inLanguage":"fr-FR","@id":"https:\/\/bfslmauritius.com\/#\/schema\/logo\/image\/","url":"https:\/\/bfslmauritius.com\/wp-content\/uploads\/2021\/09\/logo.jpg","contentUrl":"https:\/\/bfslmauritius.com\/wp-content\/uploads\/2021\/09\/logo.jpg","width":350,"height":60,"caption":"BPML"},"image":{"@id":"https:\/\/bfslmauritius.com\/#\/schema\/logo\/image\/"},"sameAs":["https:\/\/www.facebook.com\/BPML-Freeport-Services-Ltd-106537164100136","https:\/\/www.linkedin.com\/company\/bpml-freeport-services-ltd\/","https:\/\/www.youtube.com\/channel\/UCzYq0t0WQCU290hJgAbIr5w"]}]}},"_links":{"self":[{"href":"https:\/\/bfslmauritius.com\/fr\/wp-json\/wp\/v2\/pages\/6863","targetHints":{"allow":["GET"]}}],"collection":[{"href":"https:\/\/bfslmauritius.com\/fr\/wp-json\/wp\/v2\/pages"}],"about":[{"href":"https:\/\/bfslmauritius.com\/fr\/wp-json\/wp\/v2\/types\/page"}],"author":[{"embeddable":true,"href":"https:\/\/bfslmauritius.com\/fr\/wp-json\/wp\/v2\/users\/1"}],"replies":[{"embeddable":true,"href":"https:\/\/bfslmauritius.com\/fr\/wp-json\/wp\/v2\/comments?post=6863"}],"version-history":[{"count":36,"href":"https:\/\/bfslmauritius.com\/fr\/wp-json\/wp\/v2\/pages\/6863\/revisions"}],"predecessor-version":[{"id":8934,"href":"https:\/\/bfslmauritius.com\/fr\/wp-json\/wp\/v2\/pages\/6863\/revisions\/8934"}],"wp:attachment":[{"href":"https:\/\/bfslmauritius.com\/fr\/wp-json\/wp\/v2\/media?parent=6863"}],"curies":[{"name":"wp","href":"https:\/\/api.w.org\/{rel}","templated":true}]}}