{"id":6860,"date":"2021-10-13T10:00:19","date_gmt":"2021-10-13T10:00:19","guid":{"rendered":"https:\/\/www.bfslmu.com\/?page_id=6860"},"modified":"2022-02-10T10:49:00","modified_gmt":"2022-02-10T10:49:00","slug":"container-yard","status":"publish","type":"page","link":"https:\/\/bfslmauritius.com\/fr\/container-yard\/","title":{"rendered":"Parc de conteneurs"},"content":{"rendered":"<div data-elementor-type=\"wp-page\" data-elementor-id=\"6860\" class=\"elementor elementor-6860\">\n\t\t\t\t\t\t<section class=\"elementor-section elementor-top-section elementor-element elementor-element-655335c elementor-section-boxed elementor-section-height-default elementor-section-height-default\" data-id=\"655335c\" data-element_type=\"section\">\n\t\t\t\t\t\t<div class=\"elementor-container elementor-column-gap-default\">\n\t\t\t\t\t<div class=\"elementor-column elementor-col-100 elementor-top-column elementor-element elementor-element-0412e9d\" data-id=\"0412e9d\" data-element_type=\"column\">\n\t\t\t<div class=\"elementor-widget-wrap elementor-element-populated\">\n\t\t\t\t\t\t<section class=\"elementor-section elementor-inner-section elementor-element elementor-element-ffc3e0d elementor-section-boxed elementor-section-height-default elementor-section-height-default\" data-id=\"ffc3e0d\" data-element_type=\"section\">\n\t\t\t\t\t\t<div class=\"elementor-container elementor-column-gap-default\">\n\t\t\t\t\t<div class=\"elementor-column elementor-col-50 elementor-inner-column elementor-element elementor-element-e2a3049\" data-id=\"e2a3049\" data-element_type=\"column\">\n\t\t\t<div class=\"elementor-widget-wrap elementor-element-populated\">\n\t\t\t\t\t\t<div class=\"elementor-element elementor-element-f244fe6 animated-slow elementor-invisible elementor-widget elementor-widget-image\" data-id=\"f244fe6\" data-element_type=\"widget\" data-settings=\"{&quot;_animation&quot;:&quot;fadeInLeft&quot;}\" data-widget_type=\"image.default\">\n\t\t\t\t<div class=\"elementor-widget-container\">\n\t\t\t\t\t\t\t\t\t\t\t\t\t<img fetchpriority=\"high\" decoding=\"async\" width=\"1024\" height=\"712\" src=\"https:\/\/bfslmauritius.com\/wp-content\/uploads\/2021\/10\/container-yard1-1024x712.jpg\" class=\"attachment-large size-large wp-image-7162\" alt=\"container yard\" srcset=\"https:\/\/bfslmauritius.com\/wp-content\/uploads\/2021\/10\/container-yard1-1024x712.jpg 1024w, https:\/\/bfslmauritius.com\/wp-content\/uploads\/2021\/10\/container-yard1-300x209.jpg 300w, https:\/\/bfslmauritius.com\/wp-content\/uploads\/2021\/10\/container-yard1-768x534.jpg 768w, https:\/\/bfslmauritius.com\/wp-content\/uploads\/2021\/10\/container-yard1-18x12.jpg 18w, https:\/\/bfslmauritius.com\/wp-content\/uploads\/2021\/10\/container-yard1-1080x751.jpg 1080w, https:\/\/bfslmauritius.com\/wp-content\/uploads\/2021\/10\/container-yard1.jpg 1500w\" sizes=\"(max-width: 1024px) 100vw, 1024px\" \/>\t\t\t\t\t\t\t\t\t\t\t\t\t<\/div>\n\t\t\t\t<\/div>\n\t\t\t\t\t<\/div>\n\t\t<\/div>\n\t\t\t\t<div class=\"elementor-column elementor-col-50 elementor-inner-column elementor-element elementor-element-8fc3d30\" data-id=\"8fc3d30\" data-element_type=\"column\">\n\t\t\t<div class=\"elementor-widget-wrap elementor-element-populated\">\n\t\t\t\t\t\t<div class=\"elementor-element elementor-element-2014247 aleft elementor-widget elementor-widget-wgl-double-heading\" data-id=\"2014247\" data-element_type=\"widget\" data-widget_type=\"wgl-double-heading.default\">\n\t\t\t\t<div class=\"elementor-widget-container\">\n\t\t\t<div class=\"wgl-double-heading\"><h3 class=\"dblh__title-wrapper\"><span class=\"dblh__title dblh__title-1\">Parc de conteneurs <\/span><span class=\"dblh__title dblh__title-2\">pr\u00e8s de la zone portuaire<\/span><\/h3><\/div>\t\t<\/div>\n\t\t\t\t<\/div>\n\t\t\t\t<div class=\"elementor-element elementor-element-94726b5 elementor-widget elementor-widget-text-editor\" data-id=\"94726b5\" data-element_type=\"widget\" data-widget_type=\"text-editor.default\">\n\t\t\t\t<div class=\"elementor-widget-container\">\n\t\t\t\t\t\t\t<p>Notre parc de conteneur est strat\u00e9giquement situ\u00e9 dans la zone portuaire (zones 1 et 6) \u00e0 deux pas du nouveau terminal \u00e0 conteneurs (NCTM). Avec un temps de transport court (3-5 minutes) du port \u00e0 nos zones, notre parc est l\u2019emplacement id\u00e9al pour le stockage des conteneurs.<\/p><p>Nous pouvons vous aider pour le stockage des conteneurs vides ou pleins \u00e0 court et \u00e0 long terme. La manutention des conteneurs pour le stockage est effectu\u00e9e par votre propre prestataire de services de transport \u00e0 l\u2019aide d\u2019un camion \u00e0 chargement automatique. <\/p><p><strong>Nous Offrons: <\/strong><\/p><ul><li>Parc de conteneurs pour le stockage des marchandises port franc et non-port franc.<\/li><\/ul>\t\t\t\t\t\t<\/div>\n\t\t\t\t<\/div>\n\t\t\t\t\t<\/div>\n\t\t<\/div>\n\t\t\t\t\t<\/div>\n\t\t<\/section>\n\t\t\t\t<div class=\"elementor-element elementor-element-120c59e elementor-widget elementor-widget-spacer\" data-id=\"120c59e\" data-element_type=\"widget\" data-widget_type=\"spacer.default\">\n\t\t\t\t<div class=\"elementor-widget-container\">\n\t\t\t\t\t<div class=\"elementor-spacer\">\n\t\t\t<div class=\"elementor-spacer-inner\"><\/div>\n\t\t<\/div>\n\t\t\t\t<\/div>\n\t\t\t\t<\/div>\n\t\t\t\t\t<\/div>\n\t\t<\/div>\n\t\t\t\t\t<\/div>\n\t\t<\/section>\n\t\t\t\t<\/div>","protected":false},"excerpt":{"rendered":"<p>Container yard facility near the Port area Our container yard is strategically located at the seaport (Freeport Zones 1 and 6) at a stone\u2019s throw away from the New Container Terminal (NCTM). With a short transport time (3-5 mins) from the Port to our Freeport Zones, our yard is the ideal location for storage of [&hellip;]<\/p>\n","protected":false},"author":1,"featured_media":0,"parent":0,"menu_order":0,"comment_status":"closed","ping_status":"closed","template":"","meta":{"footnotes":""},"class_list":["post-6860","page","type-page","status-publish","hentry"],"yoast_head":"<!-- This site is optimized with the Yoast SEO plugin v26.1 - https:\/\/yoast.com\/wordpress\/plugins\/seo\/ -->\n<title>Container Yard - BPML Freeport Services Ltd Mauritius<\/title>\n<meta name=\"description\" content=\"Our container yard is strategically located at the seaport, the ideal location for storage of empty or full containers.\" \/>\n<meta name=\"robots\" content=\"index, follow, max-snippet:-1, max-image-preview:large, max-video-preview:-1\" \/>\n<link rel=\"canonical\" href=\"https:\/\/bfslmauritius.com\/fr\/container-yard\/\" \/>\n<meta property=\"og:locale\" content=\"fr_FR\" \/>\n<meta property=\"og:type\" content=\"article\" \/>\n<meta property=\"og:title\" content=\"Container Yard - BPML Freeport Services Ltd Mauritius\" \/>\n<meta property=\"og:description\" content=\"Our container yard is strategically located at the seaport, the ideal location for storage of empty or full containers.\" \/>\n<meta property=\"og:url\" content=\"https:\/\/bfslmauritius.com\/fr\/container-yard\/\" \/>\n<meta property=\"og:site_name\" content=\"BPML\" \/>\n<meta property=\"article:publisher\" content=\"https:\/\/www.facebook.com\/BPML-Freeport-Services-Ltd-106537164100136\" \/>\n<meta property=\"article:modified_time\" content=\"2022-02-10T10:49:00+00:00\" \/>\n<meta property=\"og:image\" content=\"https:\/\/www.bfslmauritius.com\/wp-content\/uploads\/2021\/10\/container-yard1-1024x712.jpg\" \/>\n<meta name=\"twitter:card\" content=\"summary_large_image\" \/>\n<meta name=\"twitter:label1\" content=\"Dur\u00e9e de lecture estim\u00e9e\" \/>\n\t<meta name=\"twitter:data1\" content=\"1 minute\" \/>\n<script type=\"application\/ld+json\" class=\"yoast-schema-graph\">{\"@context\":\"https:\/\/schema.org\",\"@graph\":[{\"@type\":\"WebPage\",\"@id\":\"https:\/\/bfslmauritius.com\/container-yard\/\",\"url\":\"https:\/\/bfslmauritius.com\/container-yard\/\",\"name\":\"Container Yard - BPML Freeport Services Ltd Mauritius\",\"isPartOf\":{\"@id\":\"https:\/\/bfslmauritius.com\/#website\"},\"primaryImageOfPage\":{\"@id\":\"https:\/\/bfslmauritius.com\/container-yard\/#primaryimage\"},\"image\":{\"@id\":\"https:\/\/bfslmauritius.com\/container-yard\/#primaryimage\"},\"thumbnailUrl\":\"https:\/\/www.bfslmauritius.com\/wp-content\/uploads\/2021\/10\/container-yard1-1024x712.jpg\",\"datePublished\":\"2021-10-13T10:00:19+00:00\",\"dateModified\":\"2022-02-10T10:49:00+00:00\",\"description\":\"Our container yard is strategically located at the seaport, the ideal location for storage of empty or full containers.\",\"breadcrumb\":{\"@id\":\"https:\/\/bfslmauritius.com\/container-yard\/#breadcrumb\"},\"inLanguage\":\"fr-FR\",\"potentialAction\":[{\"@type\":\"ReadAction\",\"target\":[\"https:\/\/bfslmauritius.com\/container-yard\/\"]}]},{\"@type\":\"ImageObject\",\"inLanguage\":\"fr-FR\",\"@id\":\"https:\/\/bfslmauritius.com\/container-yard\/#primaryimage\",\"url\":\"https:\/\/www.bfslmauritius.com\/wp-content\/uploads\/2021\/10\/container-yard1-1024x712.jpg\",\"contentUrl\":\"https:\/\/www.bfslmauritius.com\/wp-content\/uploads\/2021\/10\/container-yard1-1024x712.jpg\"},{\"@type\":\"BreadcrumbList\",\"@id\":\"https:\/\/bfslmauritius.com\/container-yard\/#breadcrumb\",\"itemListElement\":[{\"@type\":\"ListItem\",\"position\":1,\"name\":\"Home\",\"item\":\"https:\/\/bfslmauritius.com\/\"},{\"@type\":\"ListItem\",\"position\":2,\"name\":\"Container Yard\"}]},{\"@type\":\"WebSite\",\"@id\":\"https:\/\/bfslmauritius.com\/#website\",\"url\":\"https:\/\/bfslmauritius.com\/\",\"name\":\"BPML\",\"description\":\"Freeport Services Ltd\",\"publisher\":{\"@id\":\"https:\/\/bfslmauritius.com\/#organization\"},\"potentialAction\":[{\"@type\":\"SearchAction\",\"target\":{\"@type\":\"EntryPoint\",\"urlTemplate\":\"https:\/\/bfslmauritius.com\/?s={search_term_string}\"},\"query-input\":{\"@type\":\"PropertyValueSpecification\",\"valueRequired\":true,\"valueName\":\"search_term_string\"}}],\"inLanguage\":\"fr-FR\"},{\"@type\":\"Organization\",\"@id\":\"https:\/\/bfslmauritius.com\/#organization\",\"name\":\"BPML\",\"url\":\"https:\/\/bfslmauritius.com\/\",\"logo\":{\"@type\":\"ImageObject\",\"inLanguage\":\"fr-FR\",\"@id\":\"https:\/\/bfslmauritius.com\/#\/schema\/logo\/image\/\",\"url\":\"https:\/\/bfslmauritius.com\/wp-content\/uploads\/2021\/09\/logo.jpg\",\"contentUrl\":\"https:\/\/bfslmauritius.com\/wp-content\/uploads\/2021\/09\/logo.jpg\",\"width\":350,\"height\":60,\"caption\":\"BPML\"},\"image\":{\"@id\":\"https:\/\/bfslmauritius.com\/#\/schema\/logo\/image\/\"},\"sameAs\":[\"https:\/\/www.facebook.com\/BPML-Freeport-Services-Ltd-106537164100136\",\"https:\/\/www.linkedin.com\/company\/bpml-freeport-services-ltd\/\",\"https:\/\/www.youtube.com\/channel\/UCzYq0t0WQCU290hJgAbIr5w\"]}]}<\/script>\n<!-- \/ Yoast SEO plugin. -->","yoast_head_json":{"title":"Container Yard - BPML Freeport Services Ltd Mauritius","description":"Our container yard is strategically located at the seaport, the ideal location for storage of empty or full containers.","robots":{"index":"index","follow":"follow","max-snippet":"max-snippet:-1","max-image-preview":"max-image-preview:large","max-video-preview":"max-video-preview:-1"},"canonical":"https:\/\/bfslmauritius.com\/fr\/container-yard\/","og_locale":"fr_FR","og_type":"article","og_title":"Container Yard - BPML Freeport Services Ltd Mauritius","og_description":"Our container yard is strategically located at the seaport, the ideal location for storage of empty or full containers.","og_url":"https:\/\/bfslmauritius.com\/fr\/container-yard\/","og_site_name":"BPML","article_publisher":"https:\/\/www.facebook.com\/BPML-Freeport-Services-Ltd-106537164100136","article_modified_time":"2022-02-10T10:49:00+00:00","og_image":[{"url":"https:\/\/www.bfslmauritius.com\/wp-content\/uploads\/2021\/10\/container-yard1-1024x712.jpg","type":"","width":"","height":""}],"twitter_card":"summary_large_image","twitter_misc":{"Dur\u00e9e de lecture estim\u00e9e":"1 minute"},"schema":{"@context":"https:\/\/schema.org","@graph":[{"@type":"WebPage","@id":"https:\/\/bfslmauritius.com\/container-yard\/","url":"https:\/\/bfslmauritius.com\/container-yard\/","name":"Container Yard - BPML Freeport Services Ltd Mauritius","isPartOf":{"@id":"https:\/\/bfslmauritius.com\/#website"},"primaryImageOfPage":{"@id":"https:\/\/bfslmauritius.com\/container-yard\/#primaryimage"},"image":{"@id":"https:\/\/bfslmauritius.com\/container-yard\/#primaryimage"},"thumbnailUrl":"https:\/\/www.bfslmauritius.com\/wp-content\/uploads\/2021\/10\/container-yard1-1024x712.jpg","datePublished":"2021-10-13T10:00:19+00:00","dateModified":"2022-02-10T10:49:00+00:00","description":"Our container yard is strategically located at the seaport, the ideal location for storage of empty or full containers.","breadcrumb":{"@id":"https:\/\/bfslmauritius.com\/container-yard\/#breadcrumb"},"inLanguage":"fr-FR","potentialAction":[{"@type":"ReadAction","target":["https:\/\/bfslmauritius.com\/container-yard\/"]}]},{"@type":"ImageObject","inLanguage":"fr-FR","@id":"https:\/\/bfslmauritius.com\/container-yard\/#primaryimage","url":"https:\/\/www.bfslmauritius.com\/wp-content\/uploads\/2021\/10\/container-yard1-1024x712.jpg","contentUrl":"https:\/\/www.bfslmauritius.com\/wp-content\/uploads\/2021\/10\/container-yard1-1024x712.jpg"},{"@type":"BreadcrumbList","@id":"https:\/\/bfslmauritius.com\/container-yard\/#breadcrumb","itemListElement":[{"@type":"ListItem","position":1,"name":"Home","item":"https:\/\/bfslmauritius.com\/"},{"@type":"ListItem","position":2,"name":"Container Yard"}]},{"@type":"WebSite","@id":"https:\/\/bfslmauritius.com\/#website","url":"https:\/\/bfslmauritius.com\/","name":"BPML","description":"Freeport Services Ltd","publisher":{"@id":"https:\/\/bfslmauritius.com\/#organization"},"potentialAction":[{"@type":"SearchAction","target":{"@type":"EntryPoint","urlTemplate":"https:\/\/bfslmauritius.com\/?s={search_term_string}"},"query-input":{"@type":"PropertyValueSpecification","valueRequired":true,"valueName":"search_term_string"}}],"inLanguage":"fr-FR"},{"@type":"Organization","@id":"https:\/\/bfslmauritius.com\/#organization","name":"BPML","url":"https:\/\/bfslmauritius.com\/","logo":{"@type":"ImageObject","inLanguage":"fr-FR","@id":"https:\/\/bfslmauritius.com\/#\/schema\/logo\/image\/","url":"https:\/\/bfslmauritius.com\/wp-content\/uploads\/2021\/09\/logo.jpg","contentUrl":"https:\/\/bfslmauritius.com\/wp-content\/uploads\/2021\/09\/logo.jpg","width":350,"height":60,"caption":"BPML"},"image":{"@id":"https:\/\/bfslmauritius.com\/#\/schema\/logo\/image\/"},"sameAs":["https:\/\/www.facebook.com\/BPML-Freeport-Services-Ltd-106537164100136","https:\/\/www.linkedin.com\/company\/bpml-freeport-services-ltd\/","https:\/\/www.youtube.com\/channel\/UCzYq0t0WQCU290hJgAbIr5w"]}]}},"_links":{"self":[{"href":"https:\/\/bfslmauritius.com\/fr\/wp-json\/wp\/v2\/pages\/6860","targetHints":{"allow":["GET"]}}],"collection":[{"href":"https:\/\/bfslmauritius.com\/fr\/wp-json\/wp\/v2\/pages"}],"about":[{"href":"https:\/\/bfslmauritius.com\/fr\/wp-json\/wp\/v2\/types\/page"}],"author":[{"embeddable":true,"href":"https:\/\/bfslmauritius.com\/fr\/wp-json\/wp\/v2\/users\/1"}],"replies":[{"embeddable":true,"href":"https:\/\/bfslmauritius.com\/fr\/wp-json\/wp\/v2\/comments?post=6860"}],"version-history":[{"count":15,"href":"https:\/\/bfslmauritius.com\/fr\/wp-json\/wp\/v2\/pages\/6860\/revisions"}],"predecessor-version":[{"id":8286,"href":"https:\/\/bfslmauritius.com\/fr\/wp-json\/wp\/v2\/pages\/6860\/revisions\/8286"}],"wp:attachment":[{"href":"https:\/\/bfslmauritius.com\/fr\/wp-json\/wp\/v2\/media?parent=6860"}],"curies":[{"name":"wp","href":"https:\/\/api.w.org\/{rel}","templated":true}]}}