{"id":6854,"date":"2021-10-13T09:50:44","date_gmt":"2021-10-13T09:50:44","guid":{"rendered":"https:\/\/www.bfslmu.com\/?page_id=6854"},"modified":"2022-02-10T11:07:43","modified_gmt":"2022-02-10T11:07:43","slug":"strong-room-vault","status":"publish","type":"page","link":"https:\/\/bfslmauritius.com\/fr\/strong-room-vault\/","title":{"rendered":"Chambre forte (Vo\u00fbte)"},"content":{"rendered":"<div data-elementor-type=\"wp-page\" data-elementor-id=\"6854\" class=\"elementor elementor-6854\">\n\t\t\t\t\t\t<section class=\"elementor-section elementor-top-section elementor-element elementor-element-37ad765 elementor-section-boxed elementor-section-height-default elementor-section-height-default\" data-id=\"37ad765\" data-element_type=\"section\">\n\t\t\t\t\t\t<div class=\"elementor-container elementor-column-gap-default\">\n\t\t\t\t\t<div class=\"elementor-column elementor-col-100 elementor-top-column elementor-element elementor-element-66df7a7\" data-id=\"66df7a7\" data-element_type=\"column\">\n\t\t\t<div class=\"elementor-widget-wrap elementor-element-populated\">\n\t\t\t\t\t\t<section class=\"elementor-section elementor-inner-section elementor-element elementor-element-7b0d17c elementor-section-boxed elementor-section-height-default elementor-section-height-default\" data-id=\"7b0d17c\" data-element_type=\"section\">\n\t\t\t\t\t\t<div class=\"elementor-container elementor-column-gap-default\">\n\t\t\t\t\t<div class=\"elementor-column elementor-col-50 elementor-inner-column elementor-element elementor-element-dd9e75d\" data-id=\"dd9e75d\" data-element_type=\"column\">\n\t\t\t<div class=\"elementor-widget-wrap elementor-element-populated\">\n\t\t\t\t\t\t<div class=\"elementor-element elementor-element-c9db6c1 elementor-widget elementor-widget-image\" data-id=\"c9db6c1\" data-element_type=\"widget\" data-widget_type=\"image.default\">\n\t\t\t\t<div class=\"elementor-widget-container\">\n\t\t\t\t\t\t\t\t\t\t\t\t\t<img fetchpriority=\"high\" decoding=\"async\" width=\"768\" height=\"1024\" src=\"https:\/\/bfslmauritius.com\/wp-content\/uploads\/2021\/06\/strong-room-service-768x1024.jpg\" class=\"attachment-large size-large wp-image-7145\" alt=\"strong room\" srcset=\"https:\/\/bfslmauritius.com\/wp-content\/uploads\/2021\/06\/strong-room-service-768x1024.jpg 768w, https:\/\/bfslmauritius.com\/wp-content\/uploads\/2021\/06\/strong-room-service-225x300.jpg 225w, https:\/\/bfslmauritius.com\/wp-content\/uploads\/2021\/06\/strong-room-service-9x12.jpg 9w, https:\/\/bfslmauritius.com\/wp-content\/uploads\/2021\/06\/strong-room-service.jpg 960w\" sizes=\"(max-width: 768px) 100vw, 768px\" \/>\t\t\t\t\t\t\t\t\t\t\t\t\t<\/div>\n\t\t\t\t<\/div>\n\t\t\t\t\t<\/div>\n\t\t<\/div>\n\t\t\t\t<div class=\"elementor-column elementor-col-50 elementor-inner-column elementor-element elementor-element-dafda21\" data-id=\"dafda21\" data-element_type=\"column\">\n\t\t\t<div class=\"elementor-widget-wrap elementor-element-populated\">\n\t\t\t\t\t\t<div class=\"elementor-element elementor-element-428d64e aleft elementor-widget elementor-widget-wgl-double-heading\" data-id=\"428d64e\" data-element_type=\"widget\" data-widget_type=\"wgl-double-heading.default\">\n\t\t\t\t<div class=\"elementor-widget-container\">\n\t\t\t<div class=\"wgl-double-heading\"><h3 class=\"dblh__title-wrapper\"><span class=\"dblh__title dblh__title-1\">Une installation et service unique <\/span><span class=\"dblh__title dblh__title-2\">\u00e0 l\u2019a\u00e9roport<\/span><\/h3><\/div>\t\t<\/div>\n\t\t\t\t<\/div>\n\t\t\t\t<div class=\"elementor-element elementor-element-7a11ae6 elementor-widget elementor-widget-text-editor\" data-id=\"7a11ae6\" data-element_type=\"widget\" data-widget_type=\"text-editor.default\">\n\t\t\t\t<div class=\"elementor-widget-container\">\n\t\t\t\t\t\t\t<p>Conform\u00e9ment aux activit\u00e9s autoris\u00e9es dans le port franc pour le d\u00e9veloppement de services de vo\u00fbte, BFSL op\u00e8re une chambre forte \u00e0 la Zone 9, a\u00e9roport qui est principalement utilis\u00e9e pour stocker des biens de grande valeur tels que des bijoux, des pierres pr\u00e9cieuses et semi-pr\u00e9cieuses, des m\u00e9taux pr\u00e9cieux, des perles, etc. Il s\u2019agit d\u2019une installation de stockage de base et commune dans laquelle les clients port franc utilise leur propre coffre-fort pour le stockage dans la chambre forte.<\/p><p><strong>Nous Offrons: <\/strong><\/p><ul><li>Un espace commun pour l\u2019entreposage des coffres-forts contenant des marchandises de grande valeur \u00e0 l\u2019a\u00e9roport.<\/li><\/ul>\t\t\t\t\t\t<\/div>\n\t\t\t\t<\/div>\n\t\t\t\t\t<\/div>\n\t\t<\/div>\n\t\t\t\t\t<\/div>\n\t\t<\/section>\n\t\t\t\t<div class=\"elementor-element elementor-element-b382a5b elementor-widget elementor-widget-spacer\" data-id=\"b382a5b\" data-element_type=\"widget\" data-widget_type=\"spacer.default\">\n\t\t\t\t<div class=\"elementor-widget-container\">\n\t\t\t\t\t<div class=\"elementor-spacer\">\n\t\t\t<div class=\"elementor-spacer-inner\"><\/div>\n\t\t<\/div>\n\t\t\t\t<\/div>\n\t\t\t\t<\/div>\n\t\t\t\t\t<\/div>\n\t\t<\/div>\n\t\t\t\t\t<\/div>\n\t\t<\/section>\n\t\t\t\t<\/div>","protected":false},"excerpt":{"rendered":"<p>A unique facility at the Airport In accordance with activities permitted in the Freeport Zones for the development of vaulting services, BFSL operates a strong room facility at Freeport Zone 9, airport which is mainly used to store highly valuable goods such as Jewellery, precious and semi-precious stones, precious metals, pearls etc. It\u2019s a basic [&hellip;]<\/p>\n","protected":false},"author":1,"featured_media":0,"parent":0,"menu_order":0,"comment_status":"closed","ping_status":"closed","template":"","meta":{"footnotes":""},"class_list":["post-6854","page","type-page","status-publish","hentry"],"yoast_head":"<!-- This site is optimized with the Yoast SEO plugin v26.1 - https:\/\/yoast.com\/wordpress\/plugins\/seo\/ -->\n<title>Strong Room (Vault) - BPML<\/title>\n<meta name=\"robots\" content=\"index, follow, max-snippet:-1, max-image-preview:large, max-video-preview:-1\" \/>\n<link rel=\"canonical\" href=\"https:\/\/bfslmauritius.com\/fr\/strong-room-vault\/\" \/>\n<meta property=\"og:locale\" content=\"fr_FR\" \/>\n<meta property=\"og:type\" content=\"article\" \/>\n<meta property=\"og:title\" content=\"Strong Room (Vault) - BPML\" \/>\n<meta property=\"og:description\" content=\"A unique facility at the Airport In accordance with activities permitted in the Freeport Zones for the development of vaulting services, BFSL operates a strong room facility at Freeport Zone 9, airport which is mainly used to store highly valuable goods such as Jewellery, precious and semi-precious stones, precious metals, pearls etc. It\u2019s a basic [&hellip;]\" \/>\n<meta property=\"og:url\" content=\"https:\/\/bfslmauritius.com\/fr\/strong-room-vault\/\" \/>\n<meta property=\"og:site_name\" content=\"BPML\" \/>\n<meta property=\"article:publisher\" content=\"https:\/\/www.facebook.com\/BPML-Freeport-Services-Ltd-106537164100136\" \/>\n<meta property=\"article:modified_time\" content=\"2022-02-10T11:07:43+00:00\" \/>\n<meta property=\"og:image\" content=\"http:\/\/bfslmauritius.com\/wp-content\/uploads\/2021\/06\/strong-room-service-768x1024.jpg\" \/>\n<meta name=\"twitter:card\" content=\"summary_large_image\" \/>\n<meta name=\"twitter:label1\" content=\"Dur\u00e9e de lecture estim\u00e9e\" \/>\n\t<meta name=\"twitter:data1\" content=\"1 minute\" \/>\n<script type=\"application\/ld+json\" class=\"yoast-schema-graph\">{\"@context\":\"https:\/\/schema.org\",\"@graph\":[{\"@type\":\"WebPage\",\"@id\":\"https:\/\/bfslmauritius.com\/strong-room-vault\/\",\"url\":\"https:\/\/bfslmauritius.com\/strong-room-vault\/\",\"name\":\"Strong Room (Vault) - BPML\",\"isPartOf\":{\"@id\":\"https:\/\/bfslmauritius.com\/#website\"},\"primaryImageOfPage\":{\"@id\":\"https:\/\/bfslmauritius.com\/strong-room-vault\/#primaryimage\"},\"image\":{\"@id\":\"https:\/\/bfslmauritius.com\/strong-room-vault\/#primaryimage\"},\"thumbnailUrl\":\"http:\/\/bfslmauritius.com\/wp-content\/uploads\/2021\/06\/strong-room-service-768x1024.jpg\",\"datePublished\":\"2021-10-13T09:50:44+00:00\",\"dateModified\":\"2022-02-10T11:07:43+00:00\",\"breadcrumb\":{\"@id\":\"https:\/\/bfslmauritius.com\/strong-room-vault\/#breadcrumb\"},\"inLanguage\":\"fr-FR\",\"potentialAction\":[{\"@type\":\"ReadAction\",\"target\":[\"https:\/\/bfslmauritius.com\/strong-room-vault\/\"]}]},{\"@type\":\"ImageObject\",\"inLanguage\":\"fr-FR\",\"@id\":\"https:\/\/bfslmauritius.com\/strong-room-vault\/#primaryimage\",\"url\":\"http:\/\/bfslmauritius.com\/wp-content\/uploads\/2021\/06\/strong-room-service-768x1024.jpg\",\"contentUrl\":\"http:\/\/bfslmauritius.com\/wp-content\/uploads\/2021\/06\/strong-room-service-768x1024.jpg\"},{\"@type\":\"BreadcrumbList\",\"@id\":\"https:\/\/bfslmauritius.com\/strong-room-vault\/#breadcrumb\",\"itemListElement\":[{\"@type\":\"ListItem\",\"position\":1,\"name\":\"Home\",\"item\":\"https:\/\/bfslmauritius.com\/\"},{\"@type\":\"ListItem\",\"position\":2,\"name\":\"Strong Room (Vault)\"}]},{\"@type\":\"WebSite\",\"@id\":\"https:\/\/bfslmauritius.com\/#website\",\"url\":\"https:\/\/bfslmauritius.com\/\",\"name\":\"BPML\",\"description\":\"Freeport Services Ltd\",\"publisher\":{\"@id\":\"https:\/\/bfslmauritius.com\/#organization\"},\"potentialAction\":[{\"@type\":\"SearchAction\",\"target\":{\"@type\":\"EntryPoint\",\"urlTemplate\":\"https:\/\/bfslmauritius.com\/?s={search_term_string}\"},\"query-input\":{\"@type\":\"PropertyValueSpecification\",\"valueRequired\":true,\"valueName\":\"search_term_string\"}}],\"inLanguage\":\"fr-FR\"},{\"@type\":\"Organization\",\"@id\":\"https:\/\/bfslmauritius.com\/#organization\",\"name\":\"BPML\",\"url\":\"https:\/\/bfslmauritius.com\/\",\"logo\":{\"@type\":\"ImageObject\",\"inLanguage\":\"fr-FR\",\"@id\":\"https:\/\/bfslmauritius.com\/#\/schema\/logo\/image\/\",\"url\":\"https:\/\/bfslmauritius.com\/wp-content\/uploads\/2021\/09\/logo.jpg\",\"contentUrl\":\"https:\/\/bfslmauritius.com\/wp-content\/uploads\/2021\/09\/logo.jpg\",\"width\":350,\"height\":60,\"caption\":\"BPML\"},\"image\":{\"@id\":\"https:\/\/bfslmauritius.com\/#\/schema\/logo\/image\/\"},\"sameAs\":[\"https:\/\/www.facebook.com\/BPML-Freeport-Services-Ltd-106537164100136\",\"https:\/\/www.linkedin.com\/company\/bpml-freeport-services-ltd\/\",\"https:\/\/www.youtube.com\/channel\/UCzYq0t0WQCU290hJgAbIr5w\"]}]}<\/script>\n<!-- \/ Yoast SEO plugin. -->","yoast_head_json":{"title":"Strong Room (Vault) - BPML","robots":{"index":"index","follow":"follow","max-snippet":"max-snippet:-1","max-image-preview":"max-image-preview:large","max-video-preview":"max-video-preview:-1"},"canonical":"https:\/\/bfslmauritius.com\/fr\/strong-room-vault\/","og_locale":"fr_FR","og_type":"article","og_title":"Strong Room (Vault) - BPML","og_description":"A unique facility at the Airport In accordance with activities permitted in the Freeport Zones for the development of vaulting services, BFSL operates a strong room facility at Freeport Zone 9, airport which is mainly used to store highly valuable goods such as Jewellery, precious and semi-precious stones, precious metals, pearls etc. It\u2019s a basic [&hellip;]","og_url":"https:\/\/bfslmauritius.com\/fr\/strong-room-vault\/","og_site_name":"BPML","article_publisher":"https:\/\/www.facebook.com\/BPML-Freeport-Services-Ltd-106537164100136","article_modified_time":"2022-02-10T11:07:43+00:00","og_image":[{"url":"http:\/\/bfslmauritius.com\/wp-content\/uploads\/2021\/06\/strong-room-service-768x1024.jpg","type":"","width":"","height":""}],"twitter_card":"summary_large_image","twitter_misc":{"Dur\u00e9e de lecture estim\u00e9e":"1 minute"},"schema":{"@context":"https:\/\/schema.org","@graph":[{"@type":"WebPage","@id":"https:\/\/bfslmauritius.com\/strong-room-vault\/","url":"https:\/\/bfslmauritius.com\/strong-room-vault\/","name":"Strong Room (Vault) - BPML","isPartOf":{"@id":"https:\/\/bfslmauritius.com\/#website"},"primaryImageOfPage":{"@id":"https:\/\/bfslmauritius.com\/strong-room-vault\/#primaryimage"},"image":{"@id":"https:\/\/bfslmauritius.com\/strong-room-vault\/#primaryimage"},"thumbnailUrl":"http:\/\/bfslmauritius.com\/wp-content\/uploads\/2021\/06\/strong-room-service-768x1024.jpg","datePublished":"2021-10-13T09:50:44+00:00","dateModified":"2022-02-10T11:07:43+00:00","breadcrumb":{"@id":"https:\/\/bfslmauritius.com\/strong-room-vault\/#breadcrumb"},"inLanguage":"fr-FR","potentialAction":[{"@type":"ReadAction","target":["https:\/\/bfslmauritius.com\/strong-room-vault\/"]}]},{"@type":"ImageObject","inLanguage":"fr-FR","@id":"https:\/\/bfslmauritius.com\/strong-room-vault\/#primaryimage","url":"http:\/\/bfslmauritius.com\/wp-content\/uploads\/2021\/06\/strong-room-service-768x1024.jpg","contentUrl":"http:\/\/bfslmauritius.com\/wp-content\/uploads\/2021\/06\/strong-room-service-768x1024.jpg"},{"@type":"BreadcrumbList","@id":"https:\/\/bfslmauritius.com\/strong-room-vault\/#breadcrumb","itemListElement":[{"@type":"ListItem","position":1,"name":"Home","item":"https:\/\/bfslmauritius.com\/"},{"@type":"ListItem","position":2,"name":"Strong Room (Vault)"}]},{"@type":"WebSite","@id":"https:\/\/bfslmauritius.com\/#website","url":"https:\/\/bfslmauritius.com\/","name":"BPML","description":"Freeport Services Ltd","publisher":{"@id":"https:\/\/bfslmauritius.com\/#organization"},"potentialAction":[{"@type":"SearchAction","target":{"@type":"EntryPoint","urlTemplate":"https:\/\/bfslmauritius.com\/?s={search_term_string}"},"query-input":{"@type":"PropertyValueSpecification","valueRequired":true,"valueName":"search_term_string"}}],"inLanguage":"fr-FR"},{"@type":"Organization","@id":"https:\/\/bfslmauritius.com\/#organization","name":"BPML","url":"https:\/\/bfslmauritius.com\/","logo":{"@type":"ImageObject","inLanguage":"fr-FR","@id":"https:\/\/bfslmauritius.com\/#\/schema\/logo\/image\/","url":"https:\/\/bfslmauritius.com\/wp-content\/uploads\/2021\/09\/logo.jpg","contentUrl":"https:\/\/bfslmauritius.com\/wp-content\/uploads\/2021\/09\/logo.jpg","width":350,"height":60,"caption":"BPML"},"image":{"@id":"https:\/\/bfslmauritius.com\/#\/schema\/logo\/image\/"},"sameAs":["https:\/\/www.facebook.com\/BPML-Freeport-Services-Ltd-106537164100136","https:\/\/www.linkedin.com\/company\/bpml-freeport-services-ltd\/","https:\/\/www.youtube.com\/channel\/UCzYq0t0WQCU290hJgAbIr5w"]}]}},"_links":{"self":[{"href":"https:\/\/bfslmauritius.com\/fr\/wp-json\/wp\/v2\/pages\/6854","targetHints":{"allow":["GET"]}}],"collection":[{"href":"https:\/\/bfslmauritius.com\/fr\/wp-json\/wp\/v2\/pages"}],"about":[{"href":"https:\/\/bfslmauritius.com\/fr\/wp-json\/wp\/v2\/types\/page"}],"author":[{"embeddable":true,"href":"https:\/\/bfslmauritius.com\/fr\/wp-json\/wp\/v2\/users\/1"}],"replies":[{"embeddable":true,"href":"https:\/\/bfslmauritius.com\/fr\/wp-json\/wp\/v2\/comments?post=6854"}],"version-history":[{"count":20,"href":"https:\/\/bfslmauritius.com\/fr\/wp-json\/wp\/v2\/pages\/6854\/revisions"}],"predecessor-version":[{"id":8311,"href":"https:\/\/bfslmauritius.com\/fr\/wp-json\/wp\/v2\/pages\/6854\/revisions\/8311"}],"wp:attachment":[{"href":"https:\/\/bfslmauritius.com\/fr\/wp-json\/wp\/v2\/media?parent=6854"}],"curies":[{"name":"wp","href":"https:\/\/api.w.org\/{rel}","templated":true}]}}