{"id":2318,"date":"2021-06-25T14:29:36","date_gmt":"2021-06-25T14:29:36","guid":{"rendered":"https:\/\/wgl-demo.net\/transmax\/?page_id=2318"},"modified":"2022-02-10T09:28:03","modified_gmt":"2022-02-10T09:28:03","slug":"what-we-do","status":"publish","type":"page","link":"https:\/\/bfslmauritius.com\/fr\/what-we-do\/","title":{"rendered":"Ce que nous faisons"},"content":{"rendered":"<div data-elementor-type=\"wp-page\" data-elementor-id=\"2318\" class=\"elementor elementor-2318\">\n\t\t\t\t\t\t<section class=\"elementor-section elementor-top-section elementor-element elementor-element-23164c2 elementor-section-boxed elementor-section-height-default elementor-section-height-default\" data-id=\"23164c2\" data-element_type=\"section\">\n\t\t\t\t\t\t<div class=\"elementor-container elementor-column-gap-default\">\n\t\t\t\t\t<div class=\"elementor-column elementor-col-100 elementor-top-column elementor-element elementor-element-df415da\" data-id=\"df415da\" data-element_type=\"column\">\n\t\t\t<div class=\"elementor-widget-wrap elementor-element-populated\">\n\t\t\t\t\t\t<div class=\"elementor-element elementor-element-c194847 divider_yes acenter elementor-widget elementor-widget-wgl-double-heading\" data-id=\"c194847\" data-element_type=\"widget\" data-widget_type=\"wgl-double-heading.default\">\n\t\t\t\t<div class=\"elementor-widget-container\">\n\t\t\t<div class=\"wgl-double-heading\"><h3 class=\"dblh__title-wrapper\"><span class=\"dblh__divider\"><\/span><span class=\"dblh__title dblh__title-1\">Ce que nous faisons<\/span><\/h3><\/div>\t\t<\/div>\n\t\t\t\t<\/div>\n\t\t\t\t\t<\/div>\n\t\t<\/div>\n\t\t\t\t\t<\/div>\n\t\t<\/section>\n\t\t\t\t<section class=\"elementor-section elementor-top-section elementor-element elementor-element-4ffcd89 elementor-section-boxed elementor-section-height-default elementor-section-height-default\" data-id=\"4ffcd89\" data-element_type=\"section\">\n\t\t\t\t\t\t<div class=\"elementor-container elementor-column-gap-default\">\n\t\t\t\t\t<div class=\"elementor-column elementor-col-100 elementor-top-column elementor-element elementor-element-179b744\" data-id=\"179b744\" data-element_type=\"column\">\n\t\t\t<div class=\"elementor-widget-wrap elementor-element-populated\">\n\t\t\t\t\t\t<div class=\"elementor-element elementor-element-e113097 elementor-widget elementor-widget-spacer\" data-id=\"e113097\" data-element_type=\"widget\" data-widget_type=\"spacer.default\">\n\t\t\t\t<div class=\"elementor-widget-container\">\n\t\t\t\t\t<div class=\"elementor-spacer\">\n\t\t\t<div class=\"elementor-spacer-inner\"><\/div>\n\t\t<\/div>\n\t\t\t\t<\/div>\n\t\t\t\t<\/div>\n\t\t\t\t\t<\/div>\n\t\t<\/div>\n\t\t\t\t\t<\/div>\n\t\t<\/section>\n\t\t\t\t<section class=\"elementor-section elementor-top-section elementor-element elementor-element-14edf37 elementor-section-boxed elementor-section-height-default elementor-section-height-default\" data-id=\"14edf37\" data-element_type=\"section\">\n\t\t\t\t\t\t<div class=\"elementor-container elementor-column-gap-default\">\n\t\t\t\t\t<div class=\"elementor-column elementor-col-100 elementor-top-column elementor-element elementor-element-ca00b0f\" data-id=\"ca00b0f\" data-element_type=\"column\">\n\t\t\t<div class=\"elementor-widget-wrap elementor-element-populated\">\n\t\t\t\t\t\t<div class=\"elementor-element elementor-element-0a906da elementor-widget elementor-widget-spacer\" data-id=\"0a906da\" data-element_type=\"widget\" data-widget_type=\"spacer.default\">\n\t\t\t\t<div class=\"elementor-widget-container\">\n\t\t\t\t\t<div class=\"elementor-spacer\">\n\t\t\t<div class=\"elementor-spacer-inner\"><\/div>\n\t\t<\/div>\n\t\t\t\t<\/div>\n\t\t\t\t<\/div>\n\t\t\t\t\t<\/div>\n\t\t<\/div>\n\t\t\t\t\t<\/div>\n\t\t<\/section>\n\t\t\t\t<section class=\"elementor-section elementor-top-section elementor-element elementor-element-4833e75 elementor-section-boxed elementor-section-height-default elementor-section-height-default\" data-id=\"4833e75\" data-element_type=\"section\">\n\t\t\t\t\t\t<div class=\"elementor-container elementor-column-gap-default\">\n\t\t\t\t\t<div class=\"elementor-column elementor-col-50 elementor-top-column elementor-element elementor-element-e2b4948\" data-id=\"e2b4948\" data-element_type=\"column\">\n\t\t\t<div class=\"elementor-widget-wrap elementor-element-populated\">\n\t\t\t\t\t\t<div class=\"elementor-element elementor-element-1ae5b95 aleft elementor-widget elementor-widget-wgl-double-heading\" data-id=\"1ae5b95\" data-element_type=\"widget\" data-widget_type=\"wgl-double-heading.default\">\n\t\t\t\t<div class=\"elementor-widget-container\">\n\t\t\t<div class=\"wgl-double-heading\"><h3 class=\"dblh__title-wrapper\"><span class=\"dblh__title dblh__title-1\">Nous <\/span><span class=\"dblh__title dblh__title-2\">D\u00e9veloppons<\/span><\/h3><\/div>\t\t<\/div>\n\t\t\t\t<\/div>\n\t\t\t\t<div class=\"elementor-element elementor-element-7f49841 elementor-widget elementor-widget-text-editor\" data-id=\"7f49841\" data-element_type=\"widget\" data-widget_type=\"text-editor.default\">\n\t\t\t\t<div class=\"elementor-widget-container\">\n\t\t\t\t\t\t\t<p>Nous avons d\u00e9velopp\u00e9 nos zones port franc (9.5 Hectares de terrain) au port maritime et \u00e0 l\u2019a\u00e9roport pour r\u00e9pondre aux exigences commerciales de nos clients dans un environnement commercial concurrentiel et perturbateur en \u00e9volution rapide.<\/p><p>Nos zones Port Franc sont strat\u00e9giquement situ\u00e9es au port maritime et \u00e0 l\u2019a\u00e9roport, ce qui donne \u00e0 nos clients un avantage concurrentiel pour r\u00e9duire leurs co\u00fbts logistiques gr\u00e2ce \u00e0 un mouvement efficace des marchandises et \u00e0 la proximit\u00e9 des principaux fournisseurs de services et institutions pour faciliter le d\u00e9douanement rapide des cargaisons.<\/p>\t\t\t\t\t\t<\/div>\n\t\t\t\t<\/div>\n\t\t\t\t\t<\/div>\n\t\t<\/div>\n\t\t\t\t<div class=\"elementor-column elementor-col-50 elementor-top-column elementor-element elementor-element-69765a8\" data-id=\"69765a8\" data-element_type=\"column\">\n\t\t\t<div class=\"elementor-widget-wrap elementor-element-populated\">\n\t\t\t\t\t\t<div class=\"elementor-element elementor-element-30e8d63 elementor-invisible elementor-widget elementor-widget-image\" data-id=\"30e8d63\" data-element_type=\"widget\" data-settings=\"{&quot;_animation&quot;:&quot;fadeInRight&quot;}\" data-widget_type=\"image.default\">\n\t\t\t\t<div class=\"elementor-widget-container\">\n\t\t\t\t\t\t\t\t\t\t\t\t\t<img fetchpriority=\"high\" decoding=\"async\" width=\"1024\" height=\"1001\" src=\"https:\/\/bfslmauritius.com\/wp-content\/uploads\/2021\/10\/what-we-do-1-1024x1001.jpg\" class=\"attachment-large size-large wp-image-7239\" alt=\"Freeport Zones\" srcset=\"https:\/\/bfslmauritius.com\/wp-content\/uploads\/2021\/10\/what-we-do-1-1024x1001.jpg 1024w, https:\/\/bfslmauritius.com\/wp-content\/uploads\/2021\/10\/what-we-do-1-300x293.jpg 300w, https:\/\/bfslmauritius.com\/wp-content\/uploads\/2021\/10\/what-we-do-1-768x751.jpg 768w, https:\/\/bfslmauritius.com\/wp-content\/uploads\/2021\/10\/what-we-do-1-1536x1502.jpg 1536w, https:\/\/bfslmauritius.com\/wp-content\/uploads\/2021\/10\/what-we-do-1-12x12.jpg 12w, https:\/\/bfslmauritius.com\/wp-content\/uploads\/2021\/10\/what-we-do-1-1080x1056.jpg 1080w, https:\/\/bfslmauritius.com\/wp-content\/uploads\/2021\/10\/what-we-do-1.jpg 1701w\" sizes=\"(max-width: 1024px) 100vw, 1024px\" \/>\t\t\t\t\t\t\t\t\t\t\t\t\t<\/div>\n\t\t\t\t<\/div>\n\t\t\t\t\t<\/div>\n\t\t<\/div>\n\t\t\t\t\t<\/div>\n\t\t<\/section>\n\t\t\t\t<section class=\"elementor-section elementor-top-section elementor-element elementor-element-8130186 elementor-section-boxed elementor-section-height-default elementor-section-height-default\" data-id=\"8130186\" data-element_type=\"section\">\n\t\t\t\t\t\t<div class=\"elementor-container elementor-column-gap-default\">\n\t\t\t\t\t<div class=\"elementor-column elementor-col-100 elementor-top-column elementor-element elementor-element-604ea81\" data-id=\"604ea81\" data-element_type=\"column\">\n\t\t\t<div class=\"elementor-widget-wrap elementor-element-populated\">\n\t\t\t\t\t\t<div class=\"elementor-element elementor-element-dbebb6b elementor-widget elementor-widget-spacer\" data-id=\"dbebb6b\" data-element_type=\"widget\" data-widget_type=\"spacer.default\">\n\t\t\t\t<div class=\"elementor-widget-container\">\n\t\t\t\t\t<div class=\"elementor-spacer\">\n\t\t\t<div class=\"elementor-spacer-inner\"><\/div>\n\t\t<\/div>\n\t\t\t\t<\/div>\n\t\t\t\t<\/div>\n\t\t\t\t\t<\/div>\n\t\t<\/div>\n\t\t\t\t\t<\/div>\n\t\t<\/section>\n\t\t\t\t<section class=\"elementor-section elementor-top-section elementor-element elementor-element-e26fec7 elementor-section-boxed elementor-section-height-default elementor-section-height-default\" data-id=\"e26fec7\" data-element_type=\"section\">\n\t\t\t\t\t\t<div class=\"elementor-container elementor-column-gap-default\">\n\t\t\t\t\t<div class=\"elementor-column elementor-col-100 elementor-top-column elementor-element elementor-element-7efeb1f\" data-id=\"7efeb1f\" data-element_type=\"column\">\n\t\t\t<div class=\"elementor-widget-wrap elementor-element-populated\">\n\t\t\t\t\t\t<section class=\"elementor-section elementor-inner-section elementor-element elementor-element-95e21c3 elementor-section-boxed elementor-section-height-default elementor-section-height-default\" data-id=\"95e21c3\" data-element_type=\"section\">\n\t\t\t\t\t\t<div class=\"elementor-container elementor-column-gap-default\">\n\t\t\t\t\t<div class=\"elementor-column elementor-col-50 elementor-inner-column elementor-element elementor-element-af62f75\" data-id=\"af62f75\" data-element_type=\"column\">\n\t\t\t<div class=\"elementor-widget-wrap elementor-element-populated\">\n\t\t\t\t\t\t<div class=\"elementor-element elementor-element-33a31f9 elementor-invisible elementor-widget elementor-widget-image\" data-id=\"33a31f9\" data-element_type=\"widget\" data-settings=\"{&quot;_animation&quot;:&quot;fadeInLeft&quot;}\" data-widget_type=\"image.default\">\n\t\t\t\t<div class=\"elementor-widget-container\">\n\t\t\t\t\t\t\t\t\t\t\t\t\t<img decoding=\"async\" width=\"1240\" height=\"1754\" src=\"https:\/\/bfslmauritius.com\/wp-content\/uploads\/2021\/10\/operate.jpg\" class=\"attachment-full size-full wp-image-7240\" alt=\"Freeport Zones warehouse bonded-car yard\" srcset=\"https:\/\/bfslmauritius.com\/wp-content\/uploads\/2021\/10\/operate.jpg 1240w, https:\/\/bfslmauritius.com\/wp-content\/uploads\/2021\/10\/operate-212x300.jpg 212w, https:\/\/bfslmauritius.com\/wp-content\/uploads\/2021\/10\/operate-724x1024.jpg 724w, https:\/\/bfslmauritius.com\/wp-content\/uploads\/2021\/10\/operate-768x1086.jpg 768w, https:\/\/bfslmauritius.com\/wp-content\/uploads\/2021\/10\/operate-1086x1536.jpg 1086w, https:\/\/bfslmauritius.com\/wp-content\/uploads\/2021\/10\/operate-8x12.jpg 8w, https:\/\/bfslmauritius.com\/wp-content\/uploads\/2021\/10\/operate-1080x1528.jpg 1080w\" sizes=\"(max-width: 1240px) 100vw, 1240px\" \/>\t\t\t\t\t\t\t\t\t\t\t\t\t<\/div>\n\t\t\t\t<\/div>\n\t\t\t\t\t<\/div>\n\t\t<\/div>\n\t\t\t\t<div class=\"elementor-column elementor-col-50 elementor-inner-column elementor-element elementor-element-fb9d91e\" data-id=\"fb9d91e\" data-element_type=\"column\">\n\t\t\t<div class=\"elementor-widget-wrap elementor-element-populated\">\n\t\t\t\t\t\t<div class=\"elementor-element elementor-element-3f76e5d aleft elementor-widget elementor-widget-wgl-double-heading\" data-id=\"3f76e5d\" data-element_type=\"widget\" data-widget_type=\"wgl-double-heading.default\">\n\t\t\t\t<div class=\"elementor-widget-container\">\n\t\t\t<div class=\"wgl-double-heading\"><h3 class=\"dblh__title-wrapper\"><span class=\"dblh__title dblh__title-1\">Nous exploitons, <\/span><span class=\"dblh__title dblh__title-2\">g\u00e9rons et louons<\/span><\/h3><\/div>\t\t<\/div>\n\t\t\t\t<\/div>\n\t\t\t\t<div class=\"elementor-element elementor-element-c93ebf4 elementor-widget elementor-widget-text-editor\" data-id=\"c93ebf4\" data-element_type=\"widget\" data-widget_type=\"text-editor.default\">\n\t\t\t\t<div class=\"elementor-widget-container\">\n\t\t\t\t\t\t\t<p>Nous op\u00e9rons, g\u00e9rons et louons nos infrastructures port franc (39 800 m<sup>2<\/sup>) nomm\u00e9ment dans les zones 1 et 6, situ\u00e9 \u00e0 Mer Rouge, Port- Louis et dans la zone 9 \u00e0 l\u2019a\u00e9roport, Plaine Magnien dans un environnement de travail multi-locataires. Nous offrons une flexibilit\u00e9 en termes de p\u00e9riodes de location (court \u00e0 long terme).<\/p><p>Nous veillons \u00e0 ce que tous nos sites soient maintenus en conformit\u00e9 avec les normes de sant\u00e9, de s\u00fbret\u00e9, de s\u00e9curit\u00e9 et d\u2019environnement (HSSE). Tous nos entrep\u00f4ts d\u00e9tiennent un certificat d\u2019incendie valide.<\/p><p>Nous travaillons avec des prestataires de services sp\u00e9cialis\u00e9s (s\u00e9curit\u00e9 mixte 24h sur 24h et 7j\/7, d\u2019enl\u00e8vement des d\u00e9chets, le contr\u00f4le des oiseaux) et avons adopt\u00e9 une approche pr\u00e9ventive et curative pour entretenir nos infrastructures.<\/p><p>Nous sommes enregistr\u00e9s aupr\u00e8s de \u00ab Mauritius Network Services (MNS) \u00bb pour le syst\u00e8me de suivi en ligne (OTS) et sommes \u00e9quip\u00e9s d\u2019un syst\u00e8me de gestion d\u2019entrep\u00f4t (WMS). Nous nous engageons \u00e0 fournir les infrastructures adapt\u00e9es aux activit\u00e9s commerciales de nos clients.<\/p>\t\t\t\t\t\t<\/div>\n\t\t\t\t<\/div>\n\t\t\t\t\t<\/div>\n\t\t<\/div>\n\t\t\t\t\t<\/div>\n\t\t<\/section>\n\t\t\t\t<div class=\"elementor-element elementor-element-62b6797 elementor-widget elementor-widget-spacer\" data-id=\"62b6797\" data-element_type=\"widget\" data-widget_type=\"spacer.default\">\n\t\t\t\t<div class=\"elementor-widget-container\">\n\t\t\t\t\t<div class=\"elementor-spacer\">\n\t\t\t<div class=\"elementor-spacer-inner\"><\/div>\n\t\t<\/div>\n\t\t\t\t<\/div>\n\t\t\t\t<\/div>\n\t\t\t\t\t<\/div>\n\t\t<\/div>\n\t\t\t\t\t<\/div>\n\t\t<\/section>\n\t\t\t\t<\/div>","protected":false},"excerpt":{"rendered":"<p>What We Do We Develop We have developed our Freeport Zones (9.5 Ha of land) at the seaport and airport to meet the business requirements of our customers in a fast-paced competitive and disruptive business environment. Our Freeport Zones are strategically located at the seaport and airport giving our customers a competitive edge to reduce [&hellip;]<\/p>\n","protected":false},"author":1,"featured_media":0,"parent":0,"menu_order":0,"comment_status":"closed","ping_status":"closed","template":"","meta":{"footnotes":""},"class_list":["post-2318","page","type-page","status-publish","hentry"],"yoast_head":"<!-- This site is optimized with the Yoast SEO plugin v26.1 - https:\/\/yoast.com\/wordpress\/plugins\/seo\/ -->\n<title>What We Do - BPML Freeport Services Ltd Mauritius<\/title>\n<meta name=\"description\" content=\"We operate our Freeport Zones to meet the business requirements of customers in a fast-paced competitive and disruptive business environment.\" \/>\n<meta name=\"robots\" content=\"index, follow, max-snippet:-1, max-image-preview:large, max-video-preview:-1\" \/>\n<link rel=\"canonical\" href=\"https:\/\/bfslmauritius.com\/fr\/what-we-do\/\" \/>\n<meta property=\"og:locale\" content=\"fr_FR\" \/>\n<meta property=\"og:type\" content=\"article\" \/>\n<meta property=\"og:title\" content=\"What We Do - BPML Freeport Services Ltd Mauritius\" \/>\n<meta property=\"og:description\" content=\"We operate our Freeport Zones to meet the business requirements of customers in a fast-paced competitive and disruptive business environment.\" \/>\n<meta property=\"og:url\" content=\"https:\/\/bfslmauritius.com\/fr\/what-we-do\/\" \/>\n<meta property=\"og:site_name\" content=\"BPML\" \/>\n<meta property=\"article:publisher\" content=\"https:\/\/www.facebook.com\/BPML-Freeport-Services-Ltd-106537164100136\" \/>\n<meta property=\"article:modified_time\" content=\"2022-02-10T09:28:03+00:00\" \/>\n<meta property=\"og:image\" content=\"http:\/\/bfslmauritius.com\/wp-content\/uploads\/2021\/10\/what-we-do-1-1024x1001.jpg\" \/>\n<meta name=\"twitter:card\" content=\"summary_large_image\" \/>\n<meta name=\"twitter:label1\" content=\"Dur\u00e9e de lecture estim\u00e9e\" \/>\n\t<meta name=\"twitter:data1\" content=\"2 minutes\" \/>\n<script type=\"application\/ld+json\" class=\"yoast-schema-graph\">{\"@context\":\"https:\/\/schema.org\",\"@graph\":[{\"@type\":\"WebPage\",\"@id\":\"https:\/\/bfslmauritius.com\/what-we-do\/\",\"url\":\"https:\/\/bfslmauritius.com\/what-we-do\/\",\"name\":\"What We Do - BPML Freeport Services Ltd Mauritius\",\"isPartOf\":{\"@id\":\"https:\/\/bfslmauritius.com\/#website\"},\"primaryImageOfPage\":{\"@id\":\"https:\/\/bfslmauritius.com\/what-we-do\/#primaryimage\"},\"image\":{\"@id\":\"https:\/\/bfslmauritius.com\/what-we-do\/#primaryimage\"},\"thumbnailUrl\":\"http:\/\/bfslmauritius.com\/wp-content\/uploads\/2021\/10\/what-we-do-1-1024x1001.jpg\",\"datePublished\":\"2021-06-25T14:29:36+00:00\",\"dateModified\":\"2022-02-10T09:28:03+00:00\",\"description\":\"We operate our Freeport Zones to meet the business requirements of customers in a fast-paced competitive and disruptive business environment.\",\"breadcrumb\":{\"@id\":\"https:\/\/bfslmauritius.com\/what-we-do\/#breadcrumb\"},\"inLanguage\":\"fr-FR\",\"potentialAction\":[{\"@type\":\"ReadAction\",\"target\":[\"https:\/\/bfslmauritius.com\/what-we-do\/\"]}]},{\"@type\":\"ImageObject\",\"inLanguage\":\"fr-FR\",\"@id\":\"https:\/\/bfslmauritius.com\/what-we-do\/#primaryimage\",\"url\":\"http:\/\/bfslmauritius.com\/wp-content\/uploads\/2021\/10\/what-we-do-1-1024x1001.jpg\",\"contentUrl\":\"http:\/\/bfslmauritius.com\/wp-content\/uploads\/2021\/10\/what-we-do-1-1024x1001.jpg\"},{\"@type\":\"BreadcrumbList\",\"@id\":\"https:\/\/bfslmauritius.com\/what-we-do\/#breadcrumb\",\"itemListElement\":[{\"@type\":\"ListItem\",\"position\":1,\"name\":\"Home\",\"item\":\"https:\/\/bfslmauritius.com\/\"},{\"@type\":\"ListItem\",\"position\":2,\"name\":\"What We Do\"}]},{\"@type\":\"WebSite\",\"@id\":\"https:\/\/bfslmauritius.com\/#website\",\"url\":\"https:\/\/bfslmauritius.com\/\",\"name\":\"BPML\",\"description\":\"Freeport Services Ltd\",\"publisher\":{\"@id\":\"https:\/\/bfslmauritius.com\/#organization\"},\"potentialAction\":[{\"@type\":\"SearchAction\",\"target\":{\"@type\":\"EntryPoint\",\"urlTemplate\":\"https:\/\/bfslmauritius.com\/?s={search_term_string}\"},\"query-input\":{\"@type\":\"PropertyValueSpecification\",\"valueRequired\":true,\"valueName\":\"search_term_string\"}}],\"inLanguage\":\"fr-FR\"},{\"@type\":\"Organization\",\"@id\":\"https:\/\/bfslmauritius.com\/#organization\",\"name\":\"BPML\",\"url\":\"https:\/\/bfslmauritius.com\/\",\"logo\":{\"@type\":\"ImageObject\",\"inLanguage\":\"fr-FR\",\"@id\":\"https:\/\/bfslmauritius.com\/#\/schema\/logo\/image\/\",\"url\":\"https:\/\/bfslmauritius.com\/wp-content\/uploads\/2021\/09\/logo.jpg\",\"contentUrl\":\"https:\/\/bfslmauritius.com\/wp-content\/uploads\/2021\/09\/logo.jpg\",\"width\":350,\"height\":60,\"caption\":\"BPML\"},\"image\":{\"@id\":\"https:\/\/bfslmauritius.com\/#\/schema\/logo\/image\/\"},\"sameAs\":[\"https:\/\/www.facebook.com\/BPML-Freeport-Services-Ltd-106537164100136\",\"https:\/\/www.linkedin.com\/company\/bpml-freeport-services-ltd\/\",\"https:\/\/www.youtube.com\/channel\/UCzYq0t0WQCU290hJgAbIr5w\"]}]}<\/script>\n<!-- \/ Yoast SEO plugin. -->","yoast_head_json":{"title":"What We Do - BPML Freeport Services Ltd Mauritius","description":"We operate our Freeport Zones to meet the business requirements of customers in a fast-paced competitive and disruptive business environment.","robots":{"index":"index","follow":"follow","max-snippet":"max-snippet:-1","max-image-preview":"max-image-preview:large","max-video-preview":"max-video-preview:-1"},"canonical":"https:\/\/bfslmauritius.com\/fr\/what-we-do\/","og_locale":"fr_FR","og_type":"article","og_title":"What We Do - BPML Freeport Services Ltd Mauritius","og_description":"We operate our Freeport Zones to meet the business requirements of customers in a fast-paced competitive and disruptive business environment.","og_url":"https:\/\/bfslmauritius.com\/fr\/what-we-do\/","og_site_name":"BPML","article_publisher":"https:\/\/www.facebook.com\/BPML-Freeport-Services-Ltd-106537164100136","article_modified_time":"2022-02-10T09:28:03+00:00","og_image":[{"url":"http:\/\/bfslmauritius.com\/wp-content\/uploads\/2021\/10\/what-we-do-1-1024x1001.jpg","type":"","width":"","height":""}],"twitter_card":"summary_large_image","twitter_misc":{"Dur\u00e9e de lecture estim\u00e9e":"2 minutes"},"schema":{"@context":"https:\/\/schema.org","@graph":[{"@type":"WebPage","@id":"https:\/\/bfslmauritius.com\/what-we-do\/","url":"https:\/\/bfslmauritius.com\/what-we-do\/","name":"What We Do - BPML Freeport Services Ltd Mauritius","isPartOf":{"@id":"https:\/\/bfslmauritius.com\/#website"},"primaryImageOfPage":{"@id":"https:\/\/bfslmauritius.com\/what-we-do\/#primaryimage"},"image":{"@id":"https:\/\/bfslmauritius.com\/what-we-do\/#primaryimage"},"thumbnailUrl":"http:\/\/bfslmauritius.com\/wp-content\/uploads\/2021\/10\/what-we-do-1-1024x1001.jpg","datePublished":"2021-06-25T14:29:36+00:00","dateModified":"2022-02-10T09:28:03+00:00","description":"We operate our Freeport Zones to meet the business requirements of customers in a fast-paced competitive and disruptive business environment.","breadcrumb":{"@id":"https:\/\/bfslmauritius.com\/what-we-do\/#breadcrumb"},"inLanguage":"fr-FR","potentialAction":[{"@type":"ReadAction","target":["https:\/\/bfslmauritius.com\/what-we-do\/"]}]},{"@type":"ImageObject","inLanguage":"fr-FR","@id":"https:\/\/bfslmauritius.com\/what-we-do\/#primaryimage","url":"http:\/\/bfslmauritius.com\/wp-content\/uploads\/2021\/10\/what-we-do-1-1024x1001.jpg","contentUrl":"http:\/\/bfslmauritius.com\/wp-content\/uploads\/2021\/10\/what-we-do-1-1024x1001.jpg"},{"@type":"BreadcrumbList","@id":"https:\/\/bfslmauritius.com\/what-we-do\/#breadcrumb","itemListElement":[{"@type":"ListItem","position":1,"name":"Home","item":"https:\/\/bfslmauritius.com\/"},{"@type":"ListItem","position":2,"name":"What We Do"}]},{"@type":"WebSite","@id":"https:\/\/bfslmauritius.com\/#website","url":"https:\/\/bfslmauritius.com\/","name":"BPML","description":"Freeport Services Ltd","publisher":{"@id":"https:\/\/bfslmauritius.com\/#organization"},"potentialAction":[{"@type":"SearchAction","target":{"@type":"EntryPoint","urlTemplate":"https:\/\/bfslmauritius.com\/?s={search_term_string}"},"query-input":{"@type":"PropertyValueSpecification","valueRequired":true,"valueName":"search_term_string"}}],"inLanguage":"fr-FR"},{"@type":"Organization","@id":"https:\/\/bfslmauritius.com\/#organization","name":"BPML","url":"https:\/\/bfslmauritius.com\/","logo":{"@type":"ImageObject","inLanguage":"fr-FR","@id":"https:\/\/bfslmauritius.com\/#\/schema\/logo\/image\/","url":"https:\/\/bfslmauritius.com\/wp-content\/uploads\/2021\/09\/logo.jpg","contentUrl":"https:\/\/bfslmauritius.com\/wp-content\/uploads\/2021\/09\/logo.jpg","width":350,"height":60,"caption":"BPML"},"image":{"@id":"https:\/\/bfslmauritius.com\/#\/schema\/logo\/image\/"},"sameAs":["https:\/\/www.facebook.com\/BPML-Freeport-Services-Ltd-106537164100136","https:\/\/www.linkedin.com\/company\/bpml-freeport-services-ltd\/","https:\/\/www.youtube.com\/channel\/UCzYq0t0WQCU290hJgAbIr5w"]}]}},"_links":{"self":[{"href":"https:\/\/bfslmauritius.com\/fr\/wp-json\/wp\/v2\/pages\/2318","targetHints":{"allow":["GET"]}}],"collection":[{"href":"https:\/\/bfslmauritius.com\/fr\/wp-json\/wp\/v2\/pages"}],"about":[{"href":"https:\/\/bfslmauritius.com\/fr\/wp-json\/wp\/v2\/types\/page"}],"author":[{"embeddable":true,"href":"https:\/\/bfslmauritius.com\/fr\/wp-json\/wp\/v2\/users\/1"}],"replies":[{"embeddable":true,"href":"https:\/\/bfslmauritius.com\/fr\/wp-json\/wp\/v2\/comments?post=2318"}],"version-history":[{"count":94,"href":"https:\/\/bfslmauritius.com\/fr\/wp-json\/wp\/v2\/pages\/2318\/revisions"}],"predecessor-version":[{"id":8278,"href":"https:\/\/bfslmauritius.com\/fr\/wp-json\/wp\/v2\/pages\/2318\/revisions\/8278"}],"wp:attachment":[{"href":"https:\/\/bfslmauritius.com\/fr\/wp-json\/wp\/v2\/media?parent=2318"}],"curies":[{"name":"wp","href":"https:\/\/api.w.org\/{rel}","templated":true}]}}